{"id":4764,"date":"2022-07-05T13:17:01","date_gmt":"2022-07-05T13:17:01","guid":{"rendered":"https:\/\/mabuko.co.mz\/?post_type=product&#038;p=4764"},"modified":"2022-12-29T12:34:37","modified_gmt":"2022-12-29T12:34:37","slug":"novas-365-historias-para-adormecer","status":"publish","type":"product","link":"https:\/\/mabuko.co.mz\/site\/?product=novas-365-historias-para-adormecer","title":{"rendered":"NOVAS 365 HIST\u00d3RIAS PARA ADORMECER"},"content":{"rendered":"<p>9789892335148<\/p>\n","protected":false},"excerpt":{"rendered":"<div id=\"productPageSectionAboutBook-sinopseTitle\" class=\"right-title\"><strong>SINOPSE<\/strong><\/div>\n<div id=\"productPageSectionAboutBook-sinopse\" class=\"right-text\">\n<p>Noite ap\u00f3s noite, vais encontrar neste \u00e1lbum, maravilhosamente ilustrado, todos os teus amigos animais!<br \/>\nAo longo das p\u00e1ginas, dos meses e das esta\u00e7\u00f5es, todos esses pequenos her\u00f3is te v\u00e3o acompanhar em fant\u00e1sticas aventuras.<\/p>\n<p>E, para que nunca te faltem hist\u00f3rias ao adormecer, este livro inclui at\u00e9 uma hist\u00f3ria suplementar para o caso dos anos bissextos!<br \/>\nUmas s\u00e3o doces e ternas, outras alegres e divertidas, mas todas te v\u00e3o ajudar a adormecer\u2026 sonhando! Boas leituras e\u2026 bons sonhos!<\/p>\n<\/div>\n","protected":false},"featured_media":4765,"template":"","meta":{"_monsterinsights_skip_tracking":false,"_monsterinsights_sitenote_active":false,"_monsterinsights_sitenote_note":"","_monsterinsights_sitenote_category":0},"product_cat":[135],"product_tag":[],"class_list":{"0":"post-4764","1":"product","2":"type-product","3":"status-publish","4":"has-post-thumbnail","6":"product_cat-infantil","7":"pa_book-author-varios-autores","9":"first","10":"outofstock","11":"shipping-taxable","12":"purchasable","13":"product-type-simple"},"_links":{"self":[{"href":"https:\/\/mabuko.co.mz\/site\/index.php?rest_route=\/wp\/v2\/product\/4764","targetHints":{"allow":["GET"]}}],"collection":[{"href":"https:\/\/mabuko.co.mz\/site\/index.php?rest_route=\/wp\/v2\/product"}],"about":[{"href":"https:\/\/mabuko.co.mz\/site\/index.php?rest_route=\/wp\/v2\/types\/product"}],"wp:featuredmedia":[{"embeddable":true,"href":"https:\/\/mabuko.co.mz\/site\/index.php?rest_route=\/wp\/v2\/media\/4765"}],"wp:attachment":[{"href":"https:\/\/mabuko.co.mz\/site\/index.php?rest_route=%2Fwp%2Fv2%2Fmedia&parent=4764"}],"wp:term":[{"taxonomy":"product_cat","embeddable":true,"href":"https:\/\/mabuko.co.mz\/site\/index.php?rest_route=%2Fwp%2Fv2%2Fproduct_cat&post=4764"},{"taxonomy":"product_tag","embeddable":true,"href":"https:\/\/mabuko.co.mz\/site\/index.php?rest_route=%2Fwp%2Fv2%2Fproduct_tag&post=4764"}],"curies":[{"name":"wp","href":"https:\/\/api.w.org\/{rel}","templated":true}]}}