{"id":4761,"date":"2022-07-05T13:11:02","date_gmt":"2022-07-05T13:11:02","guid":{"rendered":"https:\/\/mabuko.co.mz\/?post_type=product&#038;p=4761"},"modified":"2022-12-29T12:35:22","modified_gmt":"2022-12-29T12:35:22","slug":"lucky-luke-a-noiva-de-lucky-luke","status":"publish","type":"product","link":"https:\/\/mabuko.co.mz\/site\/?product=lucky-luke-a-noiva-de-lucky-luke","title":{"rendered":"LUCKY LUKE &#8211; A NOIVA DE LUCKY LUKE"},"content":{"rendered":"<p>Morris<\/p>\n<p>9789892342238<\/p>\n","protected":false},"excerpt":{"rendered":"<p><strong>SINOPSE<\/strong><\/p>\n<p>Um grupo de mulheres parte rumo ao Oeste selvagem, numa arriscada travessia do continente americano com v\u00e1rios perigos \u00e0 espreita: foras da lei, \u00edndios, animais selvagens, intemp\u00e9ries, etc.<\/p>\n<p>Escoltadas por Lucky Luke, o seu objetivo \u00e9 alcan\u00e7arem uma regi\u00e3o remota unicamente habitada por homens para a\u00ed encontrarem marido.<\/p>\n<p>Ao chegarem ao destino, uma das mulheres, Jenny, v\u00ea gorados os seus intentos, j\u00e1 que o seu prometido se encontra na pris\u00e3o.<\/p>\n<p>Lucky Luke \u00e9 ent\u00e3o nomeado seu protector, miss\u00e3o que dever\u00e1 exercer at\u00e9 \u00e0 liberta\u00e7\u00e3o do prisioneiro.<\/p>\n<p>Julgando-a noiva de Lucky Luke, os famosos irm\u00e3os Dalton n\u00e3o perdem tempo e resolvem rapt\u00e1-la\u2026<\/p>\n","protected":false},"featured_media":4762,"template":"","meta":{"_monsterinsights_skip_tracking":false,"_monsterinsights_sitenote_active":false,"_monsterinsights_sitenote_note":"","_monsterinsights_sitenote_category":0},"product_cat":[205],"product_tag":[],"class_list":{"0":"post-4761","1":"product","2":"type-product","3":"status-publish","4":"has-post-thumbnail","6":"product_cat-banda-desenhada","7":"pa_book-author-morris","9":"first","10":"outofstock","11":"shipping-taxable","12":"purchasable","13":"product-type-simple"},"_links":{"self":[{"href":"https:\/\/mabuko.co.mz\/site\/index.php?rest_route=\/wp\/v2\/product\/4761","targetHints":{"allow":["GET"]}}],"collection":[{"href":"https:\/\/mabuko.co.mz\/site\/index.php?rest_route=\/wp\/v2\/product"}],"about":[{"href":"https:\/\/mabuko.co.mz\/site\/index.php?rest_route=\/wp\/v2\/types\/product"}],"wp:featuredmedia":[{"embeddable":true,"href":"https:\/\/mabuko.co.mz\/site\/index.php?rest_route=\/wp\/v2\/media\/4762"}],"wp:attachment":[{"href":"https:\/\/mabuko.co.mz\/site\/index.php?rest_route=%2Fwp%2Fv2%2Fmedia&parent=4761"}],"wp:term":[{"taxonomy":"product_cat","embeddable":true,"href":"https:\/\/mabuko.co.mz\/site\/index.php?rest_route=%2Fwp%2Fv2%2Fproduct_cat&post=4761"},{"taxonomy":"product_tag","embeddable":true,"href":"https:\/\/mabuko.co.mz\/site\/index.php?rest_route=%2Fwp%2Fv2%2Fproduct_tag&post=4761"}],"curies":[{"name":"wp","href":"https:\/\/api.w.org\/{rel}","templated":true}]}}