{"id":4757,"date":"2022-07-05T12:58:26","date_gmt":"2022-07-05T12:58:26","guid":{"rendered":"https:\/\/mabuko.co.mz\/?post_type=product&#038;p=4757"},"modified":"2022-12-29T12:36:13","modified_gmt":"2022-12-29T12:36:13","slug":"asterix-entre-os-pictos","status":"publish","type":"product","link":"https:\/\/mabuko.co.mz\/site\/?product=asterix-entre-os-pictos","title":{"rendered":"AST\u00c9RIX ENTRE OS PICTOS"},"content":{"rendered":"<p>Ren\u00e9 Goscinny<\/p>\n<p>9789892324197<\/p>\n","protected":false},"excerpt":{"rendered":"<p><strong>SINOPSE<\/strong><\/p>\n<p>Desta vez, Ast\u00e9rix e Ob\u00e9lix v\u00e3o ser chamados a demandar o territ\u00f3rio dos Pictos, esses povos da antiga Esc\u00f3cia conhecidos pelas suas qualidades de tem\u00edveis guerreiros e pelos seus m\u00faltiplos cl\u00e3s, cujo nome, dado pelos Romanos, significa literalmente &#8220;homens pintados&#8221;.<\/p>\n<p>Na melhor tradi\u00e7\u00e3o das aventuras do mais c\u00e9lebre de todos os Gauleses, Ast\u00e9rix entre os Pictos \u00e9 pois uma viagem \u00e9pica a um pa\u00eds rico em tradi\u00e7\u00f5es, durante a qual os nossos her\u00f3is ir\u00e3o descobrir um novo povo, cujas diferen\u00e7as culturais se traduzir\u00e3o em piadas e trocadilhos memor\u00e1veis.<\/p>\n","protected":false},"featured_media":4758,"template":"","meta":{"_monsterinsights_skip_tracking":false,"_monsterinsights_sitenote_active":false,"_monsterinsights_sitenote_note":"","_monsterinsights_sitenote_category":0},"product_cat":[205],"product_tag":[],"class_list":{"0":"post-4757","1":"product","2":"type-product","3":"status-publish","4":"has-post-thumbnail","6":"product_cat-banda-desenhada","7":"pa_book-author-rene-goscinny","9":"first","10":"outofstock","11":"shipping-taxable","12":"purchasable","13":"product-type-simple"},"_links":{"self":[{"href":"https:\/\/mabuko.co.mz\/site\/index.php?rest_route=\/wp\/v2\/product\/4757","targetHints":{"allow":["GET"]}}],"collection":[{"href":"https:\/\/mabuko.co.mz\/site\/index.php?rest_route=\/wp\/v2\/product"}],"about":[{"href":"https:\/\/mabuko.co.mz\/site\/index.php?rest_route=\/wp\/v2\/types\/product"}],"wp:featuredmedia":[{"embeddable":true,"href":"https:\/\/mabuko.co.mz\/site\/index.php?rest_route=\/wp\/v2\/media\/4758"}],"wp:attachment":[{"href":"https:\/\/mabuko.co.mz\/site\/index.php?rest_route=%2Fwp%2Fv2%2Fmedia&parent=4757"}],"wp:term":[{"taxonomy":"product_cat","embeddable":true,"href":"https:\/\/mabuko.co.mz\/site\/index.php?rest_route=%2Fwp%2Fv2%2Fproduct_cat&post=4757"},{"taxonomy":"product_tag","embeddable":true,"href":"https:\/\/mabuko.co.mz\/site\/index.php?rest_route=%2Fwp%2Fv2%2Fproduct_tag&post=4757"}],"curies":[{"name":"wp","href":"https:\/\/api.w.org\/{rel}","templated":true}]}}