{"id":4755,"date":"2022-07-05T12:51:57","date_gmt":"2022-07-05T12:51:57","guid":{"rendered":"https:\/\/mabuko.co.mz\/?post_type=product&#038;p=4755"},"modified":"2022-12-29T12:39:20","modified_gmt":"2022-12-29T12:39:20","slug":"axterix-il-alcaforron","status":"publish","type":"product","link":"https:\/\/mabuko.co.mz\/site\/?product=axterix-il-alcaforron","title":{"rendered":"AST\u00c9RIX IL ALCAFORRON"},"content":{"rendered":"<p>Albert Uderzo<\/p>\n<p>Ren\u00e9 Goscinny<\/p>\n<p>9789892351216<\/p>\n","protected":false},"excerpt":{"rendered":"<div id=\"productPageSectionAboutBook-sinopseTitle\" class=\"right-title\"><strong>SINOPSE<\/strong><\/div>\n<div id=\"productPageSectionAboutBook-sinopse\" class=\"right-text\">\n<p>Novo \u00e1lbum das aventuras de Ast\u00e9rix (o n\u00ba 39), assinado pela nova dupla de autores que j\u00e1 foi respons\u00e1vel pelos quatro \u00e1lbuns anteriores (<i>Ast\u00e9rix Entre os Pictos<\/i>,\u00a0<i>O Papiro de C\u00e9sar<\/i>,\u00a0<i>Ast\u00e9rix e a Transit\u00e1lica<\/i>\u00a0e\u00a0<i>A Filha de Vercing\u00e9torix<\/i>).<\/p>\n<p>Sexto t\u00edtulo da s\u00e9rie em mirand\u00eas, foi lan\u00e7ado em Fevereiro de 2022 ap\u00f3s o lan\u00e7amento mundial, no dia 21\/10\/2021, da vers\u00e3o original e de algumas outras vers\u00f5es lingu\u00edsticas, entre as quais a portuguesa (sob o t\u00edtulo <i>Ast\u00e9rix e o Grifo<\/i>).<\/p>\n<\/div>\n","protected":false},"featured_media":4756,"template":"","meta":{"_monsterinsights_skip_tracking":false,"_monsterinsights_sitenote_active":false,"_monsterinsights_sitenote_note":"","_monsterinsights_sitenote_category":0},"product_cat":[205],"product_tag":[],"class_list":{"0":"post-4755","1":"product","2":"type-product","3":"status-publish","4":"has-post-thumbnail","6":"product_cat-banda-desenhada","7":"pa_book-author-albert-uderzo","8":"pa_book-author-rene-goscinny","10":"first","11":"outofstock","12":"shipping-taxable","13":"purchasable","14":"product-type-simple"},"_links":{"self":[{"href":"https:\/\/mabuko.co.mz\/site\/index.php?rest_route=\/wp\/v2\/product\/4755","targetHints":{"allow":["GET"]}}],"collection":[{"href":"https:\/\/mabuko.co.mz\/site\/index.php?rest_route=\/wp\/v2\/product"}],"about":[{"href":"https:\/\/mabuko.co.mz\/site\/index.php?rest_route=\/wp\/v2\/types\/product"}],"wp:featuredmedia":[{"embeddable":true,"href":"https:\/\/mabuko.co.mz\/site\/index.php?rest_route=\/wp\/v2\/media\/4756"}],"wp:attachment":[{"href":"https:\/\/mabuko.co.mz\/site\/index.php?rest_route=%2Fwp%2Fv2%2Fmedia&parent=4755"}],"wp:term":[{"taxonomy":"product_cat","embeddable":true,"href":"https:\/\/mabuko.co.mz\/site\/index.php?rest_route=%2Fwp%2Fv2%2Fproduct_cat&post=4755"},{"taxonomy":"product_tag","embeddable":true,"href":"https:\/\/mabuko.co.mz\/site\/index.php?rest_route=%2Fwp%2Fv2%2Fproduct_tag&post=4755"}],"curies":[{"name":"wp","href":"https:\/\/api.w.org\/{rel}","templated":true}]}}