{"id":4753,"date":"2022-07-05T12:45:46","date_gmt":"2022-07-05T12:45:46","guid":{"rendered":"https:\/\/mabuko.co.mz\/?post_type=product&#038;p=4753"},"modified":"2022-12-29T12:40:32","modified_gmt":"2022-12-29T12:40:32","slug":"cartilha-material","status":"publish","type":"product","link":"https:\/\/mabuko.co.mz\/site\/?product=cartilha-material","title":{"rendered":"CARTILHA MATERIAL"},"content":{"rendered":"<p>Jo\u00e3o de Deus<\/p>\n<p>9789895460205<\/p>\n","protected":false},"excerpt":{"rendered":"<div id=\"productPageSectionAboutBook-sinopseTitle\" class=\"right-title\"><strong>SINOPSE<\/strong><\/div>\n<div id=\"productPageSectionAboutBook-sinopse\" class=\"right-text\">\n<p>A\u00a0<i>Cartilha Maternal<\/i>\u00a0\u00e9 uma obra de\u00a0natureza pedag\u00f3gica, escrita pelo\u00a0poeta\u00a0e\u00a0pedagogo\u00a0Jo\u00e3o de Deus\u00a0e publicada em\u00a01876, que se destinava a servir de base a um m\u00e9todo de ensino da leitura \u00e0s crian\u00e7as.<\/p>\n<p>A\u00a0<i>Cartilha Maternal<\/i>\u00a0\u00e9 uma das obras mais vezes reimpressas em\u00a0Portugal, tendo sido extensivamente usada nas escolas portuguesas por quase meio s\u00e9culo, ainda mantendo alguns seguidores.<\/p>\n<\/div>\n","protected":false},"featured_media":4754,"template":"","meta":{"_monsterinsights_skip_tracking":false,"_monsterinsights_sitenote_active":false,"_monsterinsights_sitenote_note":"","_monsterinsights_sitenote_category":0},"product_cat":[135],"product_tag":[],"class_list":{"0":"post-4753","1":"product","2":"type-product","3":"status-publish","4":"has-post-thumbnail","6":"product_cat-infantil","7":"pa_book-author-joao-de-deus","9":"first","10":"instock","11":"shipping-taxable","12":"purchasable","13":"product-type-simple"},"_links":{"self":[{"href":"https:\/\/mabuko.co.mz\/site\/index.php?rest_route=\/wp\/v2\/product\/4753","targetHints":{"allow":["GET"]}}],"collection":[{"href":"https:\/\/mabuko.co.mz\/site\/index.php?rest_route=\/wp\/v2\/product"}],"about":[{"href":"https:\/\/mabuko.co.mz\/site\/index.php?rest_route=\/wp\/v2\/types\/product"}],"wp:featuredmedia":[{"embeddable":true,"href":"https:\/\/mabuko.co.mz\/site\/index.php?rest_route=\/wp\/v2\/media\/4754"}],"wp:attachment":[{"href":"https:\/\/mabuko.co.mz\/site\/index.php?rest_route=%2Fwp%2Fv2%2Fmedia&parent=4753"}],"wp:term":[{"taxonomy":"product_cat","embeddable":true,"href":"https:\/\/mabuko.co.mz\/site\/index.php?rest_route=%2Fwp%2Fv2%2Fproduct_cat&post=4753"},{"taxonomy":"product_tag","embeddable":true,"href":"https:\/\/mabuko.co.mz\/site\/index.php?rest_route=%2Fwp%2Fv2%2Fproduct_tag&post=4753"}],"curies":[{"name":"wp","href":"https:\/\/api.w.org\/{rel}","templated":true}]}}