{"id":4744,"date":"2022-07-05T06:02:16","date_gmt":"2022-07-05T06:02:16","guid":{"rendered":"https:\/\/mabuko.co.mz\/?post_type=product&#038;p=4744"},"modified":"2022-12-29T12:43:04","modified_gmt":"2022-12-29T12:43:04","slug":"lucky-luke-o-homem-que-matou","status":"publish","type":"product","link":"https:\/\/mabuko.co.mz\/site\/?product=lucky-luke-o-homem-que-matou","title":{"rendered":"LUCKY LUKE O HOMEM QUE MATOU"},"content":{"rendered":"<p><a class=\"text-gray-700\" href=\"https:\/\/mabuko.co.mz\/book-author\/matthieu-bonhomme\/\">Matthieu Bonhomme<\/a><\/p>\n<p>9789895457465<\/p>\n","protected":false},"excerpt":{"rendered":"<div id=\"productPageSectionAboutBook-sinopseTitle\" class=\"right-title\"><strong>SINOPSE<\/strong><\/div>\n<div id=\"productPageSectionAboutBook-sinopse\" class=\"right-text\">\n<p><i>Destru\u00ed a lenda! Matei Lucky Luke!<\/i><br \/>\nAo chegar a Frog Town numa noite de tempestade, Lucky Luke, al\u00e9m de ter de enfrentar o bando dos irm\u00e3os Bones, n\u00e3o imaginava que estava prestes a encontrar o homem que o iria matar.<\/p>\n<p>Mathieu Bonhomme criou esta maravilhosa homenagem ao cowboy de Morris por ocasi\u00e3o do 70\u00ba anivers\u00e1rio da personagem, num \u00e1lbum vencedor do pr\u00e9mio do p\u00fablico em Angoul\u00eame, reinventando o cowboy solit\u00e1rio criado por Morris numa magn\u00edfica hist\u00f3ria que, entre outras revela\u00e7\u00f5es, explica o motivo por que Lucky Luke deixou de fumar!<\/p>\n<\/div>\n","protected":false},"featured_media":4745,"template":"","meta":{"_monsterinsights_skip_tracking":false,"_monsterinsights_sitenote_active":false,"_monsterinsights_sitenote_note":"","_monsterinsights_sitenote_category":0},"product_cat":[205],"product_tag":[],"class_list":{"0":"post-4744","1":"product","2":"type-product","3":"status-publish","4":"has-post-thumbnail","6":"product_cat-banda-desenhada","7":"pa_book-author-matthieu-bonhomme","9":"first","10":"outofstock","11":"shipping-taxable","12":"purchasable","13":"product-type-simple"},"_links":{"self":[{"href":"https:\/\/mabuko.co.mz\/site\/index.php?rest_route=\/wp\/v2\/product\/4744","targetHints":{"allow":["GET"]}}],"collection":[{"href":"https:\/\/mabuko.co.mz\/site\/index.php?rest_route=\/wp\/v2\/product"}],"about":[{"href":"https:\/\/mabuko.co.mz\/site\/index.php?rest_route=\/wp\/v2\/types\/product"}],"wp:featuredmedia":[{"embeddable":true,"href":"https:\/\/mabuko.co.mz\/site\/index.php?rest_route=\/wp\/v2\/media\/4745"}],"wp:attachment":[{"href":"https:\/\/mabuko.co.mz\/site\/index.php?rest_route=%2Fwp%2Fv2%2Fmedia&parent=4744"}],"wp:term":[{"taxonomy":"product_cat","embeddable":true,"href":"https:\/\/mabuko.co.mz\/site\/index.php?rest_route=%2Fwp%2Fv2%2Fproduct_cat&post=4744"},{"taxonomy":"product_tag","embeddable":true,"href":"https:\/\/mabuko.co.mz\/site\/index.php?rest_route=%2Fwp%2Fv2%2Fproduct_tag&post=4744"}],"curies":[{"name":"wp","href":"https:\/\/api.w.org\/{rel}","templated":true}]}}