{"id":4722,"date":"2022-07-05T05:57:11","date_gmt":"2022-07-05T05:57:11","guid":{"rendered":"https:\/\/mabuko.co.mz\/?post_type=product&#038;p=4722"},"modified":"2022-12-29T12:44:48","modified_gmt":"2022-12-29T12:44:48","slug":"o-bando-das-cavernas-sempre-a-abrir","status":"publish","type":"product","link":"https:\/\/mabuko.co.mz\/site\/?product=o-bando-das-cavernas-sempre-a-abrir","title":{"rendered":"O BANDO DAS CAVERNAS SEMPRE A ABRIR!"},"content":{"rendered":"<p>Nuno Caravela<\/p>\n<p>9789895645633<\/p>\n","protected":false},"excerpt":{"rendered":"<div id=\"productPageSectionAboutBook-sinopseTitle\" class=\"right-title\"><strong>SINOPSE<\/strong><\/div>\n<div id=\"productPageSectionAboutBook-sinopse\" class=\"right-text\">\n<p>O Tocha, a Ruby, o Menir, o Kromeleque, o Tzick e o Sabre est\u00e3o sempre metidos em mil e uma aventuras, cada uma mais mirabolante do que a outra. Mas, desta vez, \u00e9s tu quem vai entrar nos desafios que o bando tem para ti!<\/p>\n<p>Neste livro, h\u00e1 enigmas para decifrar, labirintos para resolver, jogos para aplicares as tuas capacidades de mem\u00f3ria, sudokus, entre muitas outras actividades divertidas. O n\u00edvel de dificuldade vai aumentando e, \u00e0 medida que fores progredindo, ganhas medalhas de m\u00e9rito.<\/p>\n<p>Inclui a oferta de 3 jogos de tabuleiro e um dado para recortar e montar.<\/p>\n<p>Preparado para os maiores desafios d\u2019<i>O Bando das Cavernas<\/i>?<\/p>\n<\/div>\n","protected":false},"featured_media":4743,"template":"","meta":{"_monsterinsights_skip_tracking":false,"_monsterinsights_sitenote_active":false,"_monsterinsights_sitenote_note":"","_monsterinsights_sitenote_category":0},"product_cat":[135],"product_tag":[],"class_list":{"0":"post-4722","1":"product","2":"type-product","3":"status-publish","4":"has-post-thumbnail","6":"product_cat-infantil","7":"pa_book-author-nuno-caravela","9":"first","10":"instock","11":"shipping-taxable","12":"purchasable","13":"product-type-simple"},"_links":{"self":[{"href":"https:\/\/mabuko.co.mz\/site\/index.php?rest_route=\/wp\/v2\/product\/4722","targetHints":{"allow":["GET"]}}],"collection":[{"href":"https:\/\/mabuko.co.mz\/site\/index.php?rest_route=\/wp\/v2\/product"}],"about":[{"href":"https:\/\/mabuko.co.mz\/site\/index.php?rest_route=\/wp\/v2\/types\/product"}],"wp:featuredmedia":[{"embeddable":true,"href":"https:\/\/mabuko.co.mz\/site\/index.php?rest_route=\/wp\/v2\/media\/4743"}],"wp:attachment":[{"href":"https:\/\/mabuko.co.mz\/site\/index.php?rest_route=%2Fwp%2Fv2%2Fmedia&parent=4722"}],"wp:term":[{"taxonomy":"product_cat","embeddable":true,"href":"https:\/\/mabuko.co.mz\/site\/index.php?rest_route=%2Fwp%2Fv2%2Fproduct_cat&post=4722"},{"taxonomy":"product_tag","embeddable":true,"href":"https:\/\/mabuko.co.mz\/site\/index.php?rest_route=%2Fwp%2Fv2%2Fproduct_tag&post=4722"}],"curies":[{"name":"wp","href":"https:\/\/api.w.org\/{rel}","templated":true}]}}