{"id":4719,"date":"2022-07-01T11:49:05","date_gmt":"2022-07-01T11:49:05","guid":{"rendered":"https:\/\/mabuko.co.mz\/?post_type=product&#038;p=4719"},"modified":"2022-12-29T12:45:57","modified_gmt":"2022-12-29T12:45:57","slug":"lego-harry-potter-imprevistos-magicos","status":"publish","type":"product","link":"https:\/\/mabuko.co.mz\/site\/?product=lego-harry-potter-imprevistos-magicos","title":{"rendered":"LEGO HARRY POTTER IMPREVISTOS M\u00c1GICOS"},"content":{"rendered":"<p>Lego<\/p>\n<p>9789895647255<\/p>\n","protected":false},"excerpt":{"rendered":"<p><strong>SINOPSE<\/strong><\/p>\n<p>Est\u00e1s a postos para a Magia?<\/p>\n<p>Comp\u00f5e a minifigura amea\u00e7adora do Lucius Malfoy e depois sai a voar numa aventura emocionante cheia de po\u00e7\u00f5es e perigos com o Harry, o Ron e a Hermione!<\/p>\n<p>Vais participar em miss\u00f5es e at\u00e9 ca\u00e7ar bruxas perigosas! E, no final, ainda salvas Hogwarts de magias cheias de imprevistos!<\/p>\n<p>Varinha a postos?<\/p>\n<p>Oferta de minifigura!<\/p>\n","protected":false},"featured_media":4721,"template":"","meta":{"_monsterinsights_skip_tracking":false,"_monsterinsights_sitenote_active":false,"_monsterinsights_sitenote_note":"","_monsterinsights_sitenote_category":0},"product_cat":[135],"product_tag":[],"class_list":{"0":"post-4719","1":"product","2":"type-product","3":"status-publish","4":"has-post-thumbnail","6":"product_cat-infantil","7":"pa_book-author-lego","9":"first","10":"instock","11":"shipping-taxable","12":"purchasable","13":"product-type-simple"},"_links":{"self":[{"href":"https:\/\/mabuko.co.mz\/site\/index.php?rest_route=\/wp\/v2\/product\/4719","targetHints":{"allow":["GET"]}}],"collection":[{"href":"https:\/\/mabuko.co.mz\/site\/index.php?rest_route=\/wp\/v2\/product"}],"about":[{"href":"https:\/\/mabuko.co.mz\/site\/index.php?rest_route=\/wp\/v2\/types\/product"}],"wp:featuredmedia":[{"embeddable":true,"href":"https:\/\/mabuko.co.mz\/site\/index.php?rest_route=\/wp\/v2\/media\/4721"}],"wp:attachment":[{"href":"https:\/\/mabuko.co.mz\/site\/index.php?rest_route=%2Fwp%2Fv2%2Fmedia&parent=4719"}],"wp:term":[{"taxonomy":"product_cat","embeddable":true,"href":"https:\/\/mabuko.co.mz\/site\/index.php?rest_route=%2Fwp%2Fv2%2Fproduct_cat&post=4719"},{"taxonomy":"product_tag","embeddable":true,"href":"https:\/\/mabuko.co.mz\/site\/index.php?rest_route=%2Fwp%2Fv2%2Fproduct_tag&post=4719"}],"curies":[{"name":"wp","href":"https:\/\/api.w.org\/{rel}","templated":true}]}}