{"id":4716,"date":"2022-07-01T11:33:21","date_gmt":"2022-07-01T11:33:21","guid":{"rendered":"https:\/\/mabuko.co.mz\/?post_type=product&#038;p=4716"},"modified":"2022-11-30T06:46:39","modified_gmt":"2022-11-30T06:46:39","slug":"se-fosse-perfeito","status":"publish","type":"product","link":"https:\/\/mabuko.co.mz\/site\/?product=se-fosse-perfeito","title":{"rendered":"SE FOSSE PERFEITO"},"content":{"rendered":"<p>Colleen Hoover<\/p>\n<p>9789895649730<\/p>\n","protected":false},"excerpt":{"rendered":"<div id=\"productPageSectionAboutBook-sinopseTitle\" class=\"right-title\"><strong>SINOPSE<\/strong><\/div>\n<div id=\"productPageSectionAboutBook-sinopse\" class=\"right-text\">\n<p>Poder\u00e1 uma hist\u00f3ria de amor perfeita sobreviver a tudo?<\/p>\n<p>Quinn e Graham conheceram-se numa situa\u00e7\u00e3o em que nenhum dos dois se queria encontrar. N\u00e3o foi um in\u00edcio digno de conto de fadas, mas o sentimento que os uniu foi mais forte do que o sofrimento e o desgosto que haviam partilhado.<\/p>\n<p>Anos mais tarde, o amor perfeito que sentem um pelo outro \u00e9 amea\u00e7ado pelas imperfei\u00e7\u00f5es da vida a dois. As recorda\u00e7\u00f5es, os erros e os segredos que durante muito tempo foram acumulando est\u00e3o agora a afast\u00e1-los cada vez mais.<\/p>\n<p>E a \u00fanica coisa capaz de salvar o seu casamento poder\u00e1 transformar-se num inevit\u00e1vel ponto de ruptura.<\/p>\n<\/div>\n","protected":false},"featured_media":4718,"template":"","meta":{"_monsterinsights_skip_tracking":false,"_monsterinsights_sitenote_active":false,"_monsterinsights_sitenote_note":"","_monsterinsights_sitenote_category":0},"product_cat":[103,105],"product_tag":[],"class_list":{"0":"post-4716","1":"product","2":"type-product","3":"status-publish","4":"has-post-thumbnail","6":"product_cat-literatura","7":"product_cat-romance","8":"pa_book-author-colleen-hoover","10":"first","11":"outofstock","12":"shipping-taxable","13":"purchasable","14":"product-type-simple"},"_links":{"self":[{"href":"https:\/\/mabuko.co.mz\/site\/index.php?rest_route=\/wp\/v2\/product\/4716","targetHints":{"allow":["GET"]}}],"collection":[{"href":"https:\/\/mabuko.co.mz\/site\/index.php?rest_route=\/wp\/v2\/product"}],"about":[{"href":"https:\/\/mabuko.co.mz\/site\/index.php?rest_route=\/wp\/v2\/types\/product"}],"wp:featuredmedia":[{"embeddable":true,"href":"https:\/\/mabuko.co.mz\/site\/index.php?rest_route=\/wp\/v2\/media\/4718"}],"wp:attachment":[{"href":"https:\/\/mabuko.co.mz\/site\/index.php?rest_route=%2Fwp%2Fv2%2Fmedia&parent=4716"}],"wp:term":[{"taxonomy":"product_cat","embeddable":true,"href":"https:\/\/mabuko.co.mz\/site\/index.php?rest_route=%2Fwp%2Fv2%2Fproduct_cat&post=4716"},{"taxonomy":"product_tag","embeddable":true,"href":"https:\/\/mabuko.co.mz\/site\/index.php?rest_route=%2Fwp%2Fv2%2Fproduct_tag&post=4716"}],"curies":[{"name":"wp","href":"https:\/\/api.w.org\/{rel}","templated":true}]}}