{"id":4706,"date":"2022-07-01T10:03:56","date_gmt":"2022-07-01T10:03:56","guid":{"rendered":"https:\/\/mabuko.co.mz\/?post_type=product&#038;p=4706"},"modified":"2022-12-29T12:46:47","modified_gmt":"2022-12-29T12:46:47","slug":"o-bando-das-cavernas-piratas-pre-historicos","status":"publish","type":"product","link":"https:\/\/mabuko.co.mz\/site\/?product=o-bando-das-cavernas-piratas-pre-historicos","title":{"rendered":"O BANDO DAS CAVERNAS PIRATAS PR\u00c9-HIST\u00d3RICOS"},"content":{"rendered":"<p>Nuno Caravela<\/p>\n<p>9789895642724<\/p>\n","protected":false},"excerpt":{"rendered":"<p><strong>SINOPSE<\/strong><\/p>\n<p>Este livro, vindo dos confins do tempo, est\u00e1 repleto de aventuras e gargalhadas. Tudo por causa de um grupo muito especial de amigos: o Tocha, a Ruby, o Menir, o Kromeleque, o Tzick e o Sabre.<br \/>\nEles s\u00e3o o Bando das Cavernas!<\/p>\n<p>O Bando das Cavernas e o Bando dos Que T\u00eam a Mania Que S\u00e3o Bons preparavam-se para participar no desfile de piratas quando um inesperado amigo vindo do espa\u00e7o tornou o jogo \u00abConfus\u00e3o Naval\u00bb, inventado pelo Kromeleque, digamos\u2026 demasiado realista.<br \/>\nResultado: quando deram por si j\u00e1 andavam todos a navegar em barcos piratas, por entre criaturas estranhas, nevoeiros misteriosos e, claro, muitas e muitas gargalhadas!<br \/>\nDiverte-te com eles e\u2026 Junta-te ao Bando!<\/p>\n","protected":false},"featured_media":4707,"template":"","meta":{"_monsterinsights_skip_tracking":false,"_monsterinsights_sitenote_active":false,"_monsterinsights_sitenote_note":"","_monsterinsights_sitenote_category":0},"product_cat":[135],"product_tag":[],"class_list":{"0":"post-4706","1":"product","2":"type-product","3":"status-publish","4":"has-post-thumbnail","6":"product_cat-infantil","7":"pa_book-author-nuno-caravela","9":"first","10":"instock","11":"shipping-taxable","12":"purchasable","13":"product-type-simple"},"_links":{"self":[{"href":"https:\/\/mabuko.co.mz\/site\/index.php?rest_route=\/wp\/v2\/product\/4706","targetHints":{"allow":["GET"]}}],"collection":[{"href":"https:\/\/mabuko.co.mz\/site\/index.php?rest_route=\/wp\/v2\/product"}],"about":[{"href":"https:\/\/mabuko.co.mz\/site\/index.php?rest_route=\/wp\/v2\/types\/product"}],"wp:featuredmedia":[{"embeddable":true,"href":"https:\/\/mabuko.co.mz\/site\/index.php?rest_route=\/wp\/v2\/media\/4707"}],"wp:attachment":[{"href":"https:\/\/mabuko.co.mz\/site\/index.php?rest_route=%2Fwp%2Fv2%2Fmedia&parent=4706"}],"wp:term":[{"taxonomy":"product_cat","embeddable":true,"href":"https:\/\/mabuko.co.mz\/site\/index.php?rest_route=%2Fwp%2Fv2%2Fproduct_cat&post=4706"},{"taxonomy":"product_tag","embeddable":true,"href":"https:\/\/mabuko.co.mz\/site\/index.php?rest_route=%2Fwp%2Fv2%2Fproduct_tag&post=4706"}],"curies":[{"name":"wp","href":"https:\/\/api.w.org\/{rel}","templated":true}]}}