{"id":4698,"date":"2022-07-01T09:54:04","date_gmt":"2022-07-01T09:54:04","guid":{"rendered":"https:\/\/mabuko.co.mz\/?post_type=product&#038;p=4698"},"modified":"2022-12-28T10:32:55","modified_gmt":"2022-12-28T10:32:55","slug":"o-bando-das-cavernas-missao-n-i-n-j-a","status":"publish","type":"product","link":"https:\/\/mabuko.co.mz\/site\/?product=o-bando-das-cavernas-missao-n-i-n-j-a","title":{"rendered":"O BANDO DAS CAVERNAS &#8211; MISS\u00c3O N.I.N.J.A."},"content":{"rendered":"<p>Nuno Caravela<\/p>\n<p>9789895641703<\/p>\n","protected":false},"excerpt":{"rendered":"<div id=\"productPageSectionAboutBook-sinopseTitle\" class=\"right-title\"><strong>SINOPSE<\/strong><\/div>\n<div id=\"productPageSectionAboutBook-sinopse\" class=\"right-text\">\n<p>Este livro, vindo dos confins do tempo, est\u00e1 repleto de aventuras e gargalhadas. Tudo por causa de um grupo muito especial de amigos: o Tocha, a Ruby, o Menir, o Kromeleque, o Tzick e o Sabre.<\/p>\n<p>Eles s\u00e3o o Bando das Cavernas!<\/p>\n<p>A cidade do Bando foi invadida pela nova moda dos filmes de artes marciais. At\u00e9 aqui tudo bem. Mas como \u00e9 que uma miss\u00e3o t\u00e3o simples, como ir buscar o aspirador que a m\u00e3e do Kromeleque encomendou, se tornou de repente uma miss\u00e3o com ninjas, samurais, mans\u00f5es assustadoras, lobos ferozes e fantasmas?<\/p>\n<p>Para saberes tudo sobre esta misteriosa aventura tens de agir como um ninja: abre silenciosamente o livro, esconde-te entre as sombras das p\u00e1ginas e&#8230; iiiiii\u00e1\u00e1\u00e1\u00e1\u00e1\u00e1\u00e1\u2026<\/p>\n<p>Junta-te ao Bando!<\/p>\n<\/div>\n","protected":false},"featured_media":4701,"template":"","meta":{"_monsterinsights_skip_tracking":false,"_monsterinsights_sitenote_active":false,"_monsterinsights_sitenote_note":"","_monsterinsights_sitenote_category":0},"product_cat":[135],"product_tag":[],"class_list":{"0":"post-4698","1":"product","2":"type-product","3":"status-publish","4":"has-post-thumbnail","6":"product_cat-infantil","7":"pa_book-author-nuno-caravela","9":"first","10":"instock","11":"shipping-taxable","12":"purchasable","13":"product-type-simple"},"_links":{"self":[{"href":"https:\/\/mabuko.co.mz\/site\/index.php?rest_route=\/wp\/v2\/product\/4698","targetHints":{"allow":["GET"]}}],"collection":[{"href":"https:\/\/mabuko.co.mz\/site\/index.php?rest_route=\/wp\/v2\/product"}],"about":[{"href":"https:\/\/mabuko.co.mz\/site\/index.php?rest_route=\/wp\/v2\/types\/product"}],"wp:featuredmedia":[{"embeddable":true,"href":"https:\/\/mabuko.co.mz\/site\/index.php?rest_route=\/wp\/v2\/media\/4701"}],"wp:attachment":[{"href":"https:\/\/mabuko.co.mz\/site\/index.php?rest_route=%2Fwp%2Fv2%2Fmedia&parent=4698"}],"wp:term":[{"taxonomy":"product_cat","embeddable":true,"href":"https:\/\/mabuko.co.mz\/site\/index.php?rest_route=%2Fwp%2Fv2%2Fproduct_cat&post=4698"},{"taxonomy":"product_tag","embeddable":true,"href":"https:\/\/mabuko.co.mz\/site\/index.php?rest_route=%2Fwp%2Fv2%2Fproduct_tag&post=4698"}],"curies":[{"name":"wp","href":"https:\/\/api.w.org\/{rel}","templated":true}]}}