{"id":4695,"date":"2022-07-01T09:48:11","date_gmt":"2022-07-01T09:48:11","guid":{"rendered":"https:\/\/mabuko.co.mz\/?post_type=product&#038;p=4695"},"modified":"2022-12-28T13:56:51","modified_gmt":"2022-12-28T13:56:51","slug":"saudades-do-teu-abraco","status":"publish","type":"product","link":"https:\/\/mabuko.co.mz\/site\/?product=saudades-do-teu-abraco","title":{"rendered":"SAUDADES DO TEU ABRA\u00c7O"},"content":{"rendered":"<p>Eoin Mclaughlin<\/p>\n<p>9789895641499<\/p>\n","protected":false},"excerpt":{"rendered":"<div id=\"productPageSectionAboutBook-sinopseTitle\" class=\"right-title\"><strong>SINOPSE<\/strong><\/div>\n<div id=\"productPageSectionAboutBook-sinopse\" class=\"right-text\">\n<p>Dos autores do fant\u00e1stico\u00a0<i>Um Abra\u00e7o<\/i>.<\/p>\n<p>Quando n\u00e3o podes abra\u00e7ar os que mais amas\u2026<br \/>\n\u2026 h\u00e1 outras formas de demonstrares o teu amor!<\/p>\n<p>O Ouri\u00e7o e a Tartaruga s\u00e3o os melhores amigos, mas n\u00e3o podem abra\u00e7ar-se. Felizmente, eles descobriram que h\u00e1 muitas formas de mostrarmos aos outros que os amamos com todo o nosso cora\u00e7\u00e3o.<\/p>\n<p>E sabes que mais?<br \/>\nO amor revela-se nos gestos mais simples.<\/p>\n<p>O livro ideal para momentos em fam\u00edlia, onde se explica \u00e0s crian\u00e7as como contornar as dist\u00e2ncias que nos separam nos tempos actuais!<\/p>\n<\/div>\n","protected":false},"featured_media":4696,"template":"","meta":{"_monsterinsights_skip_tracking":false,"_monsterinsights_sitenote_active":false,"_monsterinsights_sitenote_note":"","_monsterinsights_sitenote_category":0},"product_cat":[135],"product_tag":[],"class_list":{"0":"post-4695","1":"product","2":"type-product","3":"status-publish","4":"has-post-thumbnail","6":"product_cat-infantil","7":"pa_book-author-eoin-mclaughlin","9":"first","10":"instock","11":"shipping-taxable","12":"purchasable","13":"product-type-simple"},"_links":{"self":[{"href":"https:\/\/mabuko.co.mz\/site\/index.php?rest_route=\/wp\/v2\/product\/4695","targetHints":{"allow":["GET"]}}],"collection":[{"href":"https:\/\/mabuko.co.mz\/site\/index.php?rest_route=\/wp\/v2\/product"}],"about":[{"href":"https:\/\/mabuko.co.mz\/site\/index.php?rest_route=\/wp\/v2\/types\/product"}],"wp:featuredmedia":[{"embeddable":true,"href":"https:\/\/mabuko.co.mz\/site\/index.php?rest_route=\/wp\/v2\/media\/4696"}],"wp:attachment":[{"href":"https:\/\/mabuko.co.mz\/site\/index.php?rest_route=%2Fwp%2Fv2%2Fmedia&parent=4695"}],"wp:term":[{"taxonomy":"product_cat","embeddable":true,"href":"https:\/\/mabuko.co.mz\/site\/index.php?rest_route=%2Fwp%2Fv2%2Fproduct_cat&post=4695"},{"taxonomy":"product_tag","embeddable":true,"href":"https:\/\/mabuko.co.mz\/site\/index.php?rest_route=%2Fwp%2Fv2%2Fproduct_tag&post=4695"}],"curies":[{"name":"wp","href":"https:\/\/api.w.org\/{rel}","templated":true}]}}