{"id":4684,"date":"2022-07-01T09:26:03","date_gmt":"2022-07-01T09:26:03","guid":{"rendered":"https:\/\/mabuko.co.mz\/?post_type=product&#038;p=4684"},"modified":"2022-12-28T14:10:36","modified_gmt":"2022-12-28T14:10:36","slug":"as-gemeas-voltam-ao-colegio","status":"publish","type":"product","link":"https:\/\/mabuko.co.mz\/site\/?product=as-gemeas-voltam-ao-colegio","title":{"rendered":"AS G\u00c9MEAS voltam ao Col\u00e9gio"},"content":{"rendered":"<p>Enid Blyton<\/p>\n<p>9789895555130<\/p>\n","protected":false},"excerpt":{"rendered":"<div id=\"productPageSectionAboutBook-sinopseTitle\" class=\"right-title\"><strong>SINOPSE<\/strong><\/div>\n<div id=\"productPageSectionAboutBook-sinopse\" class=\"right-text\">\n<p>\u00abAh, estas inglesinhas! Quando querem ser simp\u00e1ticas, ningu\u00e9m lhes chega aos calcanhares!\u00bb, exclamou a Mademoiselle. A Patr\u00edcia e a Isabel est\u00e3o dispostas a dar tudo por tudo neste per\u00edodo, mas&#8230; ningu\u00e9m consegue resistir a pregar umas belas partidas \u00e0 Mademoiselle! Vai haver mais sarilhos em Santa Clara!<\/p>\n<\/div>\n","protected":false},"featured_media":4685,"template":"","meta":{"_monsterinsights_skip_tracking":false,"_monsterinsights_sitenote_active":false,"_monsterinsights_sitenote_note":"","_monsterinsights_sitenote_category":0},"product_cat":[135],"product_tag":[],"class_list":{"0":"post-4684","1":"product","2":"type-product","3":"status-publish","4":"has-post-thumbnail","6":"product_cat-infantil","7":"pa_book-author-enid-blyton","9":"first","10":"instock","11":"shipping-taxable","12":"purchasable","13":"product-type-simple"},"_links":{"self":[{"href":"https:\/\/mabuko.co.mz\/site\/index.php?rest_route=\/wp\/v2\/product\/4684","targetHints":{"allow":["GET"]}}],"collection":[{"href":"https:\/\/mabuko.co.mz\/site\/index.php?rest_route=\/wp\/v2\/product"}],"about":[{"href":"https:\/\/mabuko.co.mz\/site\/index.php?rest_route=\/wp\/v2\/types\/product"}],"wp:featuredmedia":[{"embeddable":true,"href":"https:\/\/mabuko.co.mz\/site\/index.php?rest_route=\/wp\/v2\/media\/4685"}],"wp:attachment":[{"href":"https:\/\/mabuko.co.mz\/site\/index.php?rest_route=%2Fwp%2Fv2%2Fmedia&parent=4684"}],"wp:term":[{"taxonomy":"product_cat","embeddable":true,"href":"https:\/\/mabuko.co.mz\/site\/index.php?rest_route=%2Fwp%2Fv2%2Fproduct_cat&post=4684"},{"taxonomy":"product_tag","embeddable":true,"href":"https:\/\/mabuko.co.mz\/site\/index.php?rest_route=%2Fwp%2Fv2%2Fproduct_tag&post=4684"}],"curies":[{"name":"wp","href":"https:\/\/api.w.org\/{rel}","templated":true}]}}