{"id":4681,"date":"2022-07-01T09:20:14","date_gmt":"2022-07-01T09:20:14","guid":{"rendered":"https:\/\/mabuko.co.mz\/?post_type=product&#038;p=4681"},"modified":"2022-12-28T14:11:07","modified_gmt":"2022-12-28T14:11:07","slug":"o-capitao-cuecas-e-a-tiranica-retaliacao-da-sanita-turbo-2000","status":"publish","type":"product","link":"https:\/\/mabuko.co.mz\/site\/?product=o-capitao-cuecas-e-a-tiranica-retaliacao-da-sanita-turbo-2000","title":{"rendered":"O CAPIT\u00c3O CUECAS e a Tir\u00e2nica Retalia\u00e7\u00e3o da Sanita Turbo 2000"},"content":{"rendered":"<p>Dav Pilkey<\/p>\n<p>9789896166786<\/p>\n","protected":false},"excerpt":{"rendered":"<p><strong>SINOPSE<\/strong><\/p>\n<p>A Gradiva edita mais uma obra do Capit\u00e3o Cuecas. Com mais de 50 milh\u00f5es de livros publicados em todo o mundo, esta s\u00e9rie \u00e9 ideal para despertar o interesse dos mais pequenos pela leitura<\/p>\n","protected":false},"featured_media":4682,"template":"","meta":{"_monsterinsights_skip_tracking":false,"_monsterinsights_sitenote_active":false,"_monsterinsights_sitenote_note":"","_monsterinsights_sitenote_category":0},"product_cat":[135],"product_tag":[],"class_list":{"0":"post-4681","1":"product","2":"type-product","3":"status-publish","4":"has-post-thumbnail","6":"product_cat-infantil","7":"pa_book-author-dav-pilkey","9":"first","10":"instock","11":"shipping-taxable","12":"purchasable","13":"product-type-simple"},"_links":{"self":[{"href":"https:\/\/mabuko.co.mz\/site\/index.php?rest_route=\/wp\/v2\/product\/4681","targetHints":{"allow":["GET"]}}],"collection":[{"href":"https:\/\/mabuko.co.mz\/site\/index.php?rest_route=\/wp\/v2\/product"}],"about":[{"href":"https:\/\/mabuko.co.mz\/site\/index.php?rest_route=\/wp\/v2\/types\/product"}],"wp:featuredmedia":[{"embeddable":true,"href":"https:\/\/mabuko.co.mz\/site\/index.php?rest_route=\/wp\/v2\/media\/4682"}],"wp:attachment":[{"href":"https:\/\/mabuko.co.mz\/site\/index.php?rest_route=%2Fwp%2Fv2%2Fmedia&parent=4681"}],"wp:term":[{"taxonomy":"product_cat","embeddable":true,"href":"https:\/\/mabuko.co.mz\/site\/index.php?rest_route=%2Fwp%2Fv2%2Fproduct_cat&post=4681"},{"taxonomy":"product_tag","embeddable":true,"href":"https:\/\/mabuko.co.mz\/site\/index.php?rest_route=%2Fwp%2Fv2%2Fproduct_tag&post=4681"}],"curies":[{"name":"wp","href":"https:\/\/api.w.org\/{rel}","templated":true}]}}