{"id":4672,"date":"2022-07-01T09:00:58","date_gmt":"2022-07-01T09:00:58","guid":{"rendered":"https:\/\/mabuko.co.mz\/?post_type=product&#038;p=4672"},"modified":"2023-02-08T10:00:56","modified_gmt":"2023-02-08T10:00:56","slug":"martine-no-jardim-zoologico","status":"publish","type":"product","link":"https:\/\/mabuko.co.mz\/site\/?product=martine-no-jardim-zoologico","title":{"rendered":"MARTINE NO JARDIM ZOOL\u00d3GICO"},"content":{"rendered":"<p>Gilbert Delahaye<\/p>\n<p>9789896487829<\/p>\n","protected":false},"excerpt":{"rendered":"<div id=\"productPageSectionAboutBook-sinopseTitle\" class=\"right-title\"><strong>SINOPSE<\/strong><\/div>\n<div id=\"productPageSectionAboutBook-sinopse\" class=\"right-text\">\n<p>A Martine, o Jo\u00e3o e o Patusco v\u00e3o passar a tarde ao jardim zool\u00f3gico e encontram animais que v\u00eam dos quatro cantos do mundo: le\u00f5es, hipop\u00f3tamos, ursos polares, camelos e muitos outros! Uma tarde bem passada com muitas e novas coisas para aprender! A colec\u00e7\u00e3o \u00abMartine\u00bb passa de m\u00e3o em m\u00e3o desde h\u00e1 mais de 60 anos. N\u00e3o h\u00e1 m\u00e3e nem av\u00f3 que n\u00e3o a tenha lido, nem crian\u00e7a que n\u00e3o sonhe fazer parte da vida da Martine.<\/p>\n<\/div>\n","protected":false},"featured_media":4673,"template":"","meta":{"_monsterinsights_skip_tracking":false,"_monsterinsights_sitenote_active":false,"_monsterinsights_sitenote_note":"","_monsterinsights_sitenote_category":0},"product_cat":[135],"product_tag":[],"class_list":{"0":"post-4672","1":"product","2":"type-product","3":"status-publish","4":"has-post-thumbnail","6":"product_cat-infantil","7":"pa_book-author-gilbert-delahaye","9":"first","10":"instock","11":"shipping-taxable","12":"purchasable","13":"product-type-simple"},"_links":{"self":[{"href":"https:\/\/mabuko.co.mz\/site\/index.php?rest_route=\/wp\/v2\/product\/4672","targetHints":{"allow":["GET"]}}],"collection":[{"href":"https:\/\/mabuko.co.mz\/site\/index.php?rest_route=\/wp\/v2\/product"}],"about":[{"href":"https:\/\/mabuko.co.mz\/site\/index.php?rest_route=\/wp\/v2\/types\/product"}],"wp:featuredmedia":[{"embeddable":true,"href":"https:\/\/mabuko.co.mz\/site\/index.php?rest_route=\/wp\/v2\/media\/4673"}],"wp:attachment":[{"href":"https:\/\/mabuko.co.mz\/site\/index.php?rest_route=%2Fwp%2Fv2%2Fmedia&parent=4672"}],"wp:term":[{"taxonomy":"product_cat","embeddable":true,"href":"https:\/\/mabuko.co.mz\/site\/index.php?rest_route=%2Fwp%2Fv2%2Fproduct_cat&post=4672"},{"taxonomy":"product_tag","embeddable":true,"href":"https:\/\/mabuko.co.mz\/site\/index.php?rest_route=%2Fwp%2Fv2%2Fproduct_tag&post=4672"}],"curies":[{"name":"wp","href":"https:\/\/api.w.org\/{rel}","templated":true}]}}