{"id":4669,"date":"2022-07-05T06:26:07","date_gmt":"2022-07-05T06:26:07","guid":{"rendered":"https:\/\/mabuko.co.mz\/?post_type=product&#038;p=4669"},"modified":"2023-02-08T10:07:59","modified_gmt":"2023-02-08T10:07:59","slug":"o-bando-das-cavernas-o-jantar-dos-monstros-2","status":"publish","type":"product","link":"https:\/\/mabuko.co.mz\/site\/?product=o-bando-das-cavernas-o-jantar-dos-monstros-2","title":{"rendered":"O BANDO DAS CAVERNAS &#8211; O JANTAR DOS MONSTROS"},"content":{"rendered":"<p>Nuno Caravela<\/p>\n<p>9789896685270<\/p>\n","protected":false},"excerpt":{"rendered":"<div id=\"productPageSectionAboutBook-sinopseTitle\" class=\"right-title\"><strong>SINOPSE<\/strong><\/div>\n<div id=\"productPageSectionAboutBook-sinopse\" class=\"right-text\">\n<p>Este livro, vindo dos confins do tempo, est\u00e1 repleto de aventuras e gargalhadas.<br \/>\nTudo por causa de um grupo muito especial de amigos: o Tocha, a Ruby, o Menir, o Kromeleque, o Tzick e o Sabre.<\/p>\n<p>Eles s\u00e3o o Bando das Cavernas!<\/p>\n<p>Os monstros da colec\u00e7\u00e3o do Bando das Cavernas resolveram fazer um jantar para comemorar as aventuras que aterrorizaram.<br \/>\nQuem acha esse jantar uma seca s\u00e3o os filhotes dos monstros, que tentam sabotar a comemora\u00e7\u00e3o usando o apetite voraz do nosso amigo Menir.<\/p>\n<p>S\u00f3 que as coisas n\u00e3o correm exactamente como o planeado. Aventura-te pela Floresta Negra com o Bando porque este livro vai ser uma barrigada de rir.<\/p>\n<p>Mas isso, enfim\u2026 tu j\u00e1 sabes como \u00e9.<\/p>\n<p>Junta-te ao Bando!<\/p>\n<\/div>\n","protected":false},"featured_media":4747,"template":"","meta":{"_monsterinsights_skip_tracking":false,"_monsterinsights_sitenote_active":false,"_monsterinsights_sitenote_note":"","_monsterinsights_sitenote_category":0},"product_cat":[135],"product_tag":[],"class_list":{"0":"post-4669","1":"product","2":"type-product","3":"status-publish","4":"has-post-thumbnail","6":"product_cat-infantil","7":"pa_book-author-nuno-caravela","9":"first","10":"outofstock","11":"shipping-taxable","12":"purchasable","13":"product-type-simple"},"_links":{"self":[{"href":"https:\/\/mabuko.co.mz\/site\/index.php?rest_route=\/wp\/v2\/product\/4669","targetHints":{"allow":["GET"]}}],"collection":[{"href":"https:\/\/mabuko.co.mz\/site\/index.php?rest_route=\/wp\/v2\/product"}],"about":[{"href":"https:\/\/mabuko.co.mz\/site\/index.php?rest_route=\/wp\/v2\/types\/product"}],"wp:featuredmedia":[{"embeddable":true,"href":"https:\/\/mabuko.co.mz\/site\/index.php?rest_route=\/wp\/v2\/media\/4747"}],"wp:attachment":[{"href":"https:\/\/mabuko.co.mz\/site\/index.php?rest_route=%2Fwp%2Fv2%2Fmedia&parent=4669"}],"wp:term":[{"taxonomy":"product_cat","embeddable":true,"href":"https:\/\/mabuko.co.mz\/site\/index.php?rest_route=%2Fwp%2Fv2%2Fproduct_cat&post=4669"},{"taxonomy":"product_tag","embeddable":true,"href":"https:\/\/mabuko.co.mz\/site\/index.php?rest_route=%2Fwp%2Fv2%2Fproduct_tag&post=4669"}],"curies":[{"name":"wp","href":"https:\/\/api.w.org\/{rel}","templated":true}]}}