{"id":4666,"date":"2022-07-01T08:46:19","date_gmt":"2022-07-01T08:46:19","guid":{"rendered":"https:\/\/mabuko.co.mz\/?post_type=product&#038;p=4666"},"modified":"2023-02-08T09:59:25","modified_gmt":"2023-02-08T09:59:25","slug":"o-diario-de-um-banana-um-dia-de-cao","status":"publish","type":"product","link":"https:\/\/mabuko.co.mz\/site\/?product=o-diario-de-um-banana-um-dia-de-cao","title":{"rendered":"O DI\u00c1RIO DE UM BANANA &#8211; UM DIA DE C\u00c3O"},"content":{"rendered":"<p>Jeff Kinney<\/p>\n<p>9789896680596<\/p>\n","protected":false},"excerpt":{"rendered":"<div id=\"productPageSectionAboutBook-sinopseTitle\" class=\"right-title\"><strong>SINOPSE<\/strong><\/div>\n<div id=\"productPageSectionAboutBook-sinopse\" class=\"right-text\">\n<p>Pela primeira vez o Greg n\u00e3o est\u00e1 na escola. \u00c9 que chegaram as f\u00e9rias de Ver\u00e3o e toda a gente se diverte na rua. Mas onde est\u00e1 o Greg Heffley? Enfiado em casa, a jogar videojogos, com as cortinas fechadas. O Greg \u00e9 assumidamente um \u00abjovem caseiro\u00bb, e est\u00e1 a viver as f\u00e9rias de sonho: sem regrassem responsabilidades. Mas para a m\u00e3e dele as f\u00e9rias ideais incluem muitas actividades ao ar livre e a \u00abuni\u00e3o da fam\u00edlia\u00bb. Qual deles conseguir\u00e1 impor a sua opini\u00e3o? Ou ir\u00e1 a chegada de um novo elemento \u00e0 fam\u00edlia Heffley mudar tudo?<\/p>\n<\/div>\n","protected":false},"featured_media":4667,"template":"","meta":{"_monsterinsights_skip_tracking":false,"_monsterinsights_sitenote_active":false,"_monsterinsights_sitenote_note":"","_monsterinsights_sitenote_category":0},"product_cat":[135],"product_tag":[],"class_list":{"0":"post-4666","1":"product","2":"type-product","3":"status-publish","4":"has-post-thumbnail","6":"product_cat-infantil","7":"pa_book-author-jeff-kinney","9":"first","10":"outofstock","11":"shipping-taxable","12":"purchasable","13":"product-type-simple"},"_links":{"self":[{"href":"https:\/\/mabuko.co.mz\/site\/index.php?rest_route=\/wp\/v2\/product\/4666","targetHints":{"allow":["GET"]}}],"collection":[{"href":"https:\/\/mabuko.co.mz\/site\/index.php?rest_route=\/wp\/v2\/product"}],"about":[{"href":"https:\/\/mabuko.co.mz\/site\/index.php?rest_route=\/wp\/v2\/types\/product"}],"wp:featuredmedia":[{"embeddable":true,"href":"https:\/\/mabuko.co.mz\/site\/index.php?rest_route=\/wp\/v2\/media\/4667"}],"wp:attachment":[{"href":"https:\/\/mabuko.co.mz\/site\/index.php?rest_route=%2Fwp%2Fv2%2Fmedia&parent=4666"}],"wp:term":[{"taxonomy":"product_cat","embeddable":true,"href":"https:\/\/mabuko.co.mz\/site\/index.php?rest_route=%2Fwp%2Fv2%2Fproduct_cat&post=4666"},{"taxonomy":"product_tag","embeddable":true,"href":"https:\/\/mabuko.co.mz\/site\/index.php?rest_route=%2Fwp%2Fv2%2Fproduct_tag&post=4666"}],"curies":[{"name":"wp","href":"https:\/\/api.w.org\/{rel}","templated":true}]}}