{"id":4664,"date":"2022-07-01T08:37:15","date_gmt":"2022-07-01T08:37:15","guid":{"rendered":"https:\/\/mabuko.co.mz\/?post_type=product&#038;p=4664"},"modified":"2023-02-08T10:01:36","modified_gmt":"2023-02-08T10:01:36","slug":"os-mini-cinco-os-cinco-salvam-o-cordeirinho","status":"publish","type":"product","link":"https:\/\/mabuko.co.mz\/site\/?product=os-mini-cinco-os-cinco-salvam-o-cordeirinho","title":{"rendered":"OS MINI CINCO- os cinco salvam o cordeirinho"},"content":{"rendered":"<p>Enid Blyton<\/p>\n<p>9789896608620<\/p>\n","protected":false},"excerpt":{"rendered":"<div id=\"productPageSectionAboutBook-sinopseTitle\" class=\"right-title\"><strong>SINOPSE<\/strong><\/div>\n<div id=\"productPageSectionAboutBook-sinopse\" class=\"right-text\">\n<p>Os Cinco est\u00e3o a fazer um piquenique \u00e0 beira mar quando avistam um cordeirinho em apuros.<\/p>\n<p>Sem ningu\u00e9m por perto para ajudar, cabe aos Cinco montar uma opera\u00e7\u00e3o de resgate.<\/p>\n<p>Conseguir\u00e3o salvar o cordeirinho a tempo?<\/p>\n<\/div>\n","protected":false},"featured_media":4665,"template":"","meta":{"_monsterinsights_skip_tracking":false,"_monsterinsights_sitenote_active":false,"_monsterinsights_sitenote_note":"","_monsterinsights_sitenote_category":0},"product_cat":[135],"product_tag":[],"class_list":{"0":"post-4664","1":"product","2":"type-product","3":"status-publish","4":"has-post-thumbnail","6":"product_cat-infantil","7":"pa_book-author-enid-blyton","9":"first","10":"instock","11":"shipping-taxable","12":"purchasable","13":"product-type-simple"},"_links":{"self":[{"href":"https:\/\/mabuko.co.mz\/site\/index.php?rest_route=\/wp\/v2\/product\/4664","targetHints":{"allow":["GET"]}}],"collection":[{"href":"https:\/\/mabuko.co.mz\/site\/index.php?rest_route=\/wp\/v2\/product"}],"about":[{"href":"https:\/\/mabuko.co.mz\/site\/index.php?rest_route=\/wp\/v2\/types\/product"}],"wp:featuredmedia":[{"embeddable":true,"href":"https:\/\/mabuko.co.mz\/site\/index.php?rest_route=\/wp\/v2\/media\/4665"}],"wp:attachment":[{"href":"https:\/\/mabuko.co.mz\/site\/index.php?rest_route=%2Fwp%2Fv2%2Fmedia&parent=4664"}],"wp:term":[{"taxonomy":"product_cat","embeddable":true,"href":"https:\/\/mabuko.co.mz\/site\/index.php?rest_route=%2Fwp%2Fv2%2Fproduct_cat&post=4664"},{"taxonomy":"product_tag","embeddable":true,"href":"https:\/\/mabuko.co.mz\/site\/index.php?rest_route=%2Fwp%2Fv2%2Fproduct_tag&post=4664"}],"curies":[{"name":"wp","href":"https:\/\/api.w.org\/{rel}","templated":true}]}}