{"id":4662,"date":"2022-07-01T08:29:57","date_gmt":"2022-07-01T08:29:57","guid":{"rendered":"https:\/\/mabuko.co.mz\/?post_type=product&#038;p=4662"},"modified":"2023-02-08T10:02:20","modified_gmt":"2023-02-08T10:02:20","slug":"a-raridade-das-coisas-banais","status":"publish","type":"product","link":"https:\/\/mabuko.co.mz\/site\/?product=a-raridade-das-coisas-banais","title":{"rendered":"A RARIDADE DAS COISAS BANAIS"},"content":{"rendered":"<p>Pedro Chagas Freitas<\/p>\n<p>9789896614027<\/p>\n","protected":false},"excerpt":{"rendered":"<div id=\"productPageSectionAboutBook-sinopseTitle\" class=\"right-title\"><strong>SINOPSE<\/strong><\/div>\n<div id=\"productPageSectionAboutBook-sinopse\" class=\"right-text\">\n<p>&#8211; O que queres ser quando fores grande?<br \/>\n&#8211; Pequeno outra vez.<\/p>\n<p>\u00c9 assim que come\u00e7a este romance apaixonante, lind\u00edssimo e inspirador, que vai mudar a maneira como vemos a vida.<br \/>\nTrata-se de uma hist\u00f3ria inesquec\u00edvel, viciante e envolvente, que nos mostra que somos viciados no que amamos, e ainda bem.<br \/>\nUm livro que \u00e9 uma li\u00e7\u00e3o extraordin\u00e1ria sobre aquilo que devia ser sempre o mais importante componente da nossa exist\u00eancia.<\/p>\n<p>O romance mais marcante de Pedro Chagas Freitas at\u00e9 hoje.<\/p>\n<\/div>\n","protected":false},"featured_media":4663,"template":"","meta":{"_monsterinsights_skip_tracking":false,"_monsterinsights_sitenote_active":false,"_monsterinsights_sitenote_note":"","_monsterinsights_sitenote_category":0},"product_cat":[103,105],"product_tag":[],"class_list":{"0":"post-4662","1":"product","2":"type-product","3":"status-publish","4":"has-post-thumbnail","6":"product_cat-literatura","7":"product_cat-romance","8":"pa_book-author-pedro-chagas-freitas","10":"first","11":"outofstock","12":"shipping-taxable","13":"purchasable","14":"product-type-simple"},"_links":{"self":[{"href":"https:\/\/mabuko.co.mz\/site\/index.php?rest_route=\/wp\/v2\/product\/4662","targetHints":{"allow":["GET"]}}],"collection":[{"href":"https:\/\/mabuko.co.mz\/site\/index.php?rest_route=\/wp\/v2\/product"}],"about":[{"href":"https:\/\/mabuko.co.mz\/site\/index.php?rest_route=\/wp\/v2\/types\/product"}],"wp:featuredmedia":[{"embeddable":true,"href":"https:\/\/mabuko.co.mz\/site\/index.php?rest_route=\/wp\/v2\/media\/4663"}],"wp:attachment":[{"href":"https:\/\/mabuko.co.mz\/site\/index.php?rest_route=%2Fwp%2Fv2%2Fmedia&parent=4662"}],"wp:term":[{"taxonomy":"product_cat","embeddable":true,"href":"https:\/\/mabuko.co.mz\/site\/index.php?rest_route=%2Fwp%2Fv2%2Fproduct_cat&post=4662"},{"taxonomy":"product_tag","embeddable":true,"href":"https:\/\/mabuko.co.mz\/site\/index.php?rest_route=%2Fwp%2Fv2%2Fproduct_tag&post=4662"}],"curies":[{"name":"wp","href":"https:\/\/api.w.org\/{rel}","templated":true}]}}