{"id":4650,"date":"2022-07-01T07:50:53","date_gmt":"2022-07-01T07:50:53","guid":{"rendered":"https:\/\/mabuko.co.mz\/?post_type=product&#038;p=4650"},"modified":"2023-02-28T08:00:40","modified_gmt":"2023-02-28T08:00:40","slug":"o-poder-sem-limites","status":"publish","type":"product","link":"https:\/\/mabuko.co.mz\/site\/?product=o-poder-sem-limites","title":{"rendered":"O PODER SEM LIMITES"},"content":{"rendered":"<p>Anthony Robbins<\/p>\n<p>9789896870874<\/p>\n","protected":false},"excerpt":{"rendered":"<div id=\"productPageSectionAboutBook-sinopseTitle\" class=\"right-title\"><strong>SINOPSE<\/strong><\/div>\n<div id=\"productPageSectionAboutBook-sinopse\" class=\"right-text\">\n<p>Se sonha em ter uma vida melhor, este livro \u00e9 ideal para si. Vai ensin\u00e1-lo a conquistar a qualidade de vida que deseja e merece, e controlar a sua vida pessoal e profissional. Anthony Robbins j\u00e1 provou a dezenas de milh\u00f5es de pessoas, atrav\u00e9s dos seus livros e workshops, que basta concentrar-se no poder da mente para fazer, conquistar e criar tudo o que quiser na sua vida. J\u00e1 treinou a motiva\u00e7\u00e3o de desempenho de chefes de estado, membros de fam\u00edlias reais, atletas ol\u00edmpicos e estrelas de cinema.<br \/>\nDemonstrando, passo a passo, como ter um desempenho excelente e conquistar a independ\u00eancia financeira e emocional,\u00a0<i>O Poder Sem Limites<\/i>\u00a0d\u00e1-lhe a sabedoria e a coragem necess\u00e1rias para se reconstruir a si pr\u00f3prio e ao seu mundo. Um manual indispens\u00e1vel para atingir o sucesso a todos os n\u00edveis.<\/p>\n<\/div>\n","protected":false},"featured_media":4651,"template":"","meta":{"_monsterinsights_skip_tracking":false,"_monsterinsights_sitenote_active":false,"_monsterinsights_sitenote_note":"","_monsterinsights_sitenote_category":0},"product_cat":[108],"product_tag":[],"class_list":{"0":"post-4650","1":"product","2":"type-product","3":"status-publish","4":"has-post-thumbnail","6":"product_cat-auto-ajuda","7":"pa_book-author-anthony-robbins","9":"first","10":"outofstock","11":"shipping-taxable","12":"purchasable","13":"product-type-simple"},"_links":{"self":[{"href":"https:\/\/mabuko.co.mz\/site\/index.php?rest_route=\/wp\/v2\/product\/4650","targetHints":{"allow":["GET"]}}],"collection":[{"href":"https:\/\/mabuko.co.mz\/site\/index.php?rest_route=\/wp\/v2\/product"}],"about":[{"href":"https:\/\/mabuko.co.mz\/site\/index.php?rest_route=\/wp\/v2\/types\/product"}],"wp:featuredmedia":[{"embeddable":true,"href":"https:\/\/mabuko.co.mz\/site\/index.php?rest_route=\/wp\/v2\/media\/4651"}],"wp:attachment":[{"href":"https:\/\/mabuko.co.mz\/site\/index.php?rest_route=%2Fwp%2Fv2%2Fmedia&parent=4650"}],"wp:term":[{"taxonomy":"product_cat","embeddable":true,"href":"https:\/\/mabuko.co.mz\/site\/index.php?rest_route=%2Fwp%2Fv2%2Fproduct_cat&post=4650"},{"taxonomy":"product_tag","embeddable":true,"href":"https:\/\/mabuko.co.mz\/site\/index.php?rest_route=%2Fwp%2Fv2%2Fproduct_tag&post=4650"}],"curies":[{"name":"wp","href":"https:\/\/api.w.org\/{rel}","templated":true}]}}