{"id":4644,"date":"2022-07-01T07:43:16","date_gmt":"2022-07-01T07:43:16","guid":{"rendered":"https:\/\/mabuko.co.mz\/?post_type=product&#038;p=4644"},"modified":"2023-02-08T10:07:04","modified_gmt":"2023-02-08T10:07:04","slug":"quem-chorara-por-mim","status":"publish","type":"product","link":"https:\/\/mabuko.co.mz\/site\/?product=quem-chorara-por-mim","title":{"rendered":"QUEM CHORAR\u00c1 POR MIM?"},"content":{"rendered":"<p>Robin Sharma<\/p>\n<p>9789896877422<\/p>\n","protected":false},"excerpt":{"rendered":"<div id=\"productPageSectionAboutBook-sinopseTitle\" class=\"right-title\"><strong>SINOPSE<\/strong><\/div>\n<div id=\"productPageSectionAboutBook-sinopse\" class=\"right-text\">\n<p>H\u00e1 um antigo ditado indiano que diz: \u00abQuando nasceu, voc\u00ea chorou, enquanto o mundo se enchia de alegria. Viva a sua vida de tal forma que, quando morrer, o mundo chore, enquanto voc\u00ea se enche de alegria.\u00bb Identifica-se com este pensamento? Sente que a vida est\u00e1 a passar por si t\u00e3o depressa que pode nunca atingir a felicidade que sabe que merece? Se assim for, ent\u00e3o este livro muito especial poder\u00e1 ajud\u00e1-lo a conquistar uma forma de vida mais iluminada e preenchida.<\/p>\n<p>Ao longo destas p\u00e1ginas, num estilo acess\u00edvel e s\u00e1bio, Robin Sharma apresenta 101 solu\u00e7\u00f5es simples para alguns dos problemas mais complexos que enfrentamos, desde o <em>stress<\/em> quotidiano \u00e0 aliena\u00e7\u00e3o espiritual, passando pela rela\u00e7\u00e3o que temos com a nossa fam\u00edlia, com os nossos amigos e at\u00e9 com o planeta em que vivemos!<\/p>\n<p>Atrav\u00e9s de conselhos simples mas capazes de transformar profundamente a sua vida, Quem Chorar\u00e1 por Mim? ensin\u00e1-lo-\u00e1 a encontrar um sentido para a sua exist\u00eancia &#8211; pois \u00e9 essa a verdadeira defini\u00e7\u00e3o de sucesso, a todos os n\u00edveis.<\/p>\n<\/div>\n","protected":false},"featured_media":4648,"template":"","meta":{"_monsterinsights_skip_tracking":false,"_monsterinsights_sitenote_active":false,"_monsterinsights_sitenote_note":"","_monsterinsights_sitenote_category":0},"product_cat":[108],"product_tag":[],"class_list":{"0":"post-4644","1":"product","2":"type-product","3":"status-publish","4":"has-post-thumbnail","6":"product_cat-auto-ajuda","7":"pa_book-author-robin-sharma","9":"first","10":"outofstock","11":"shipping-taxable","12":"purchasable","13":"product-type-simple"},"_links":{"self":[{"href":"https:\/\/mabuko.co.mz\/site\/index.php?rest_route=\/wp\/v2\/product\/4644","targetHints":{"allow":["GET"]}}],"collection":[{"href":"https:\/\/mabuko.co.mz\/site\/index.php?rest_route=\/wp\/v2\/product"}],"about":[{"href":"https:\/\/mabuko.co.mz\/site\/index.php?rest_route=\/wp\/v2\/types\/product"}],"wp:featuredmedia":[{"embeddable":true,"href":"https:\/\/mabuko.co.mz\/site\/index.php?rest_route=\/wp\/v2\/media\/4648"}],"wp:attachment":[{"href":"https:\/\/mabuko.co.mz\/site\/index.php?rest_route=%2Fwp%2Fv2%2Fmedia&parent=4644"}],"wp:term":[{"taxonomy":"product_cat","embeddable":true,"href":"https:\/\/mabuko.co.mz\/site\/index.php?rest_route=%2Fwp%2Fv2%2Fproduct_cat&post=4644"},{"taxonomy":"product_tag","embeddable":true,"href":"https:\/\/mabuko.co.mz\/site\/index.php?rest_route=%2Fwp%2Fv2%2Fproduct_tag&post=4644"}],"curies":[{"name":"wp","href":"https:\/\/api.w.org\/{rel}","templated":true}]}}