{"id":4638,"date":"2022-07-01T07:29:02","date_gmt":"2022-07-01T07:29:02","guid":{"rendered":"https:\/\/mabuko.co.mz\/?post_type=product&#038;p=4638"},"modified":"2022-12-27T13:37:32","modified_gmt":"2022-12-27T13:37:32","slug":"o-bando-das-cavernas-amigos-no-facepedra","status":"publish","type":"product","link":"https:\/\/mabuko.co.mz\/site\/?product=o-bando-das-cavernas-amigos-no-facepedra","title":{"rendered":"O BANDO DAS CAVERNAS Amigos no facepedra"},"content":{"rendered":"<p>Nuno Caravela<\/p>\n<p>9789897072048<\/p>\n","protected":false},"excerpt":{"rendered":"<div id=\"productPageSectionAboutBook-sinopseTitle\" class=\"right-title\"><strong>SINOPSE<\/strong><\/div>\n<div id=\"productPageSectionAboutBook-sinopse\" class=\"right-text\">\n<p>Este livro, vindo dos confins do tempo, est\u00e1 repleto de aventuras e gargalhadas. Tudo por causa de um grupo muito especial de amigos: o Tocha, a Ruby, o Menir, o Kromeleque, o Tzick e o Sabre. Eles s\u00e3o o Bando das Cavernas!<br \/>\nNesta nova e incr\u00edvel aventura, o Bando vai seguir viagem atrav\u00e9s do mundo virtual do Facepedra. O objectivo \u00e9 encontrar o Menir, que foi tele-transportado para um computador e feito prisioneiro por um terr\u00edvel v\u00edrus inform\u00e1tico chamado Bug.<br \/>\nJuntos, entre gargalhadas e trapalhadas sem fim, os nossos amigos v\u00e3o percorrer uma selva digital e jogar um jogo para salvar o seu amigo. Pelo caminho enfrentar\u00e3o criaturas terr\u00edveis e encontrar\u00e3o outras muito engra\u00e7adas, como a Tribo dos P\u00edxeis, a Vaquinha-pacote-de-leite e at\u00e9 o Y\u00f4-Tube. Mas ser\u00e1 que o Bando vai conseguir resgatar o Menir e regressar \u00e0 realidade?<br \/>\nJunta-te ao Bando nesta fant\u00e1stica aventura inform\u00e1tica do tempo das cavernas!<\/p>\n<\/div>\n","protected":false},"featured_media":4639,"template":"","meta":{"_monsterinsights_skip_tracking":false,"_monsterinsights_sitenote_active":false,"_monsterinsights_sitenote_note":"","_monsterinsights_sitenote_category":0},"product_cat":[135],"product_tag":[],"class_list":{"0":"post-4638","1":"product","2":"type-product","3":"status-publish","4":"has-post-thumbnail","6":"product_cat-infantil","7":"pa_book-author-nuno-caravela","9":"first","10":"instock","11":"shipping-taxable","12":"purchasable","13":"product-type-simple"},"_links":{"self":[{"href":"https:\/\/mabuko.co.mz\/site\/index.php?rest_route=\/wp\/v2\/product\/4638","targetHints":{"allow":["GET"]}}],"collection":[{"href":"https:\/\/mabuko.co.mz\/site\/index.php?rest_route=\/wp\/v2\/product"}],"about":[{"href":"https:\/\/mabuko.co.mz\/site\/index.php?rest_route=\/wp\/v2\/types\/product"}],"wp:featuredmedia":[{"embeddable":true,"href":"https:\/\/mabuko.co.mz\/site\/index.php?rest_route=\/wp\/v2\/media\/4639"}],"wp:attachment":[{"href":"https:\/\/mabuko.co.mz\/site\/index.php?rest_route=%2Fwp%2Fv2%2Fmedia&parent=4638"}],"wp:term":[{"taxonomy":"product_cat","embeddable":true,"href":"https:\/\/mabuko.co.mz\/site\/index.php?rest_route=%2Fwp%2Fv2%2Fproduct_cat&post=4638"},{"taxonomy":"product_tag","embeddable":true,"href":"https:\/\/mabuko.co.mz\/site\/index.php?rest_route=%2Fwp%2Fv2%2Fproduct_tag&post=4638"}],"curies":[{"name":"wp","href":"https:\/\/api.w.org\/{rel}","templated":true}]}}