{"id":4635,"date":"2022-07-01T07:10:27","date_gmt":"2022-07-01T07:10:27","guid":{"rendered":"https:\/\/mabuko.co.mz\/?post_type=product&#038;p=4635"},"modified":"2022-12-27T13:39:50","modified_gmt":"2022-12-27T13:39:50","slug":"o-bando-das-cavernas-a-lua-e-um-queijo","status":"publish","type":"product","link":"https:\/\/mabuko.co.mz\/site\/?product=o-bando-das-cavernas-a-lua-e-um-queijo","title":{"rendered":"O BANDO DAS CAVERNAS a Lua \u00e9 um Queijo"},"content":{"rendered":"<p>Nuno Caravela<\/p>\n<p>9789897072031<\/p>\n","protected":false},"excerpt":{"rendered":"<div id=\"productPageSectionAboutBook-sinopseTitle\" class=\"right-title\"><strong>SINOPSE<\/strong><\/div>\n<div id=\"productPageSectionAboutBook-sinopse\" class=\"right-text\">\n<p>Este livro, vindo dos confins do tempo, est\u00e1 repleto de aventuras e gargalhadas. Tudo por causa de um grupo muito especial de amigos: o Tocha, a Ruby, o Menir, o Kromeleque, o Tzick e o Sabre. Eles s\u00e3o o Bando das Cavernas! Nesta nova aventura, o teu Bando preferido decide ir at\u00e9 \u00e0 Lua para provar se ela \u00e9, ou n\u00e3o, um queijo. Ser\u00e1 que v\u00e3o conseguir ultrapassar obst\u00e1culos como o beijo real da R\u00e3- -inha, as partidas dos Guerreiros Engra\u00e7adinhos ou as picadas das terr\u00edveis formigas-migalhedo, que picam como migalhas de p\u00e3o esquecidas \u00e0 noite na cama? Junta-te a eles e vem descobrir a que sabe a Lua! A divers\u00e3o e a aventura est\u00e3o garantidas. Junta-te ao Bando<\/p>\n<\/div>\n","protected":false},"featured_media":4636,"template":"","meta":{"_monsterinsights_skip_tracking":false,"_monsterinsights_sitenote_active":false,"_monsterinsights_sitenote_note":"","_monsterinsights_sitenote_category":0},"product_cat":[135],"product_tag":[],"class_list":{"0":"post-4635","1":"product","2":"type-product","3":"status-publish","4":"has-post-thumbnail","6":"product_cat-infantil","7":"pa_book-author-nuno-caravela","9":"first","10":"instock","11":"shipping-taxable","12":"purchasable","13":"product-type-simple"},"_links":{"self":[{"href":"https:\/\/mabuko.co.mz\/site\/index.php?rest_route=\/wp\/v2\/product\/4635","targetHints":{"allow":["GET"]}}],"collection":[{"href":"https:\/\/mabuko.co.mz\/site\/index.php?rest_route=\/wp\/v2\/product"}],"about":[{"href":"https:\/\/mabuko.co.mz\/site\/index.php?rest_route=\/wp\/v2\/types\/product"}],"wp:featuredmedia":[{"embeddable":true,"href":"https:\/\/mabuko.co.mz\/site\/index.php?rest_route=\/wp\/v2\/media\/4636"}],"wp:attachment":[{"href":"https:\/\/mabuko.co.mz\/site\/index.php?rest_route=%2Fwp%2Fv2%2Fmedia&parent=4635"}],"wp:term":[{"taxonomy":"product_cat","embeddable":true,"href":"https:\/\/mabuko.co.mz\/site\/index.php?rest_route=%2Fwp%2Fv2%2Fproduct_cat&post=4635"},{"taxonomy":"product_tag","embeddable":true,"href":"https:\/\/mabuko.co.mz\/site\/index.php?rest_route=%2Fwp%2Fv2%2Fproduct_tag&post=4635"}],"curies":[{"name":"wp","href":"https:\/\/api.w.org\/{rel}","templated":true}]}}