{"id":4631,"date":"2022-07-01T06:45:20","date_gmt":"2022-07-01T06:45:20","guid":{"rendered":"https:\/\/mabuko.co.mz\/?post_type=product&#038;p=4631"},"modified":"2022-12-27T13:43:08","modified_gmt":"2022-12-27T13:43:08","slug":"o-bando-das-cavernas-aventuras-radicais","status":"publish","type":"product","link":"https:\/\/mabuko.co.mz\/site\/?product=o-bando-das-cavernas-aventuras-radicais","title":{"rendered":"O BANDO DAS CAVERNAS Aventuras radicais"},"content":{"rendered":"<p>Nuno Caravela<\/p>\n<p>9789897071072<\/p>\n","protected":false},"excerpt":{"rendered":"<p><strong>SINOPSE<\/strong><\/p>\n<p>Estes livros, vindos dos confins dos tempo, est\u00e3o cheios de aventuras e v\u00e3o provocar muitas gargalhadas. Tudo por causa de um grupo muito especial de amigos: o Tocha, a Ruby, o Menir, o Kromeleque, o Tzick e o Sabre. Eles s\u00e3o o Bando das Cavernas!<br \/>\nAs crian\u00e7as v\u00e3o divertir-se com as suas perip\u00e9cias, enquanto eles viajam no mamute escolar, t\u00eam uma aula louca com o professor Pi, jogam futebol da Pr\u00e9-Hist\u00f3ria e vivem uma aventura alucinantes e radicais no Vale dos Rochedos, com pinturas rupestres e muitas vespas-falc\u00e3o \u00e0 mistura.<\/p>\n","protected":false},"featured_media":4632,"template":"","meta":{"_monsterinsights_skip_tracking":false,"_monsterinsights_sitenote_active":false,"_monsterinsights_sitenote_note":"","_monsterinsights_sitenote_category":0},"product_cat":[135],"product_tag":[],"class_list":{"0":"post-4631","1":"product","2":"type-product","3":"status-publish","4":"has-post-thumbnail","6":"product_cat-infantil","7":"pa_book-author-nuno-caravela","9":"first","10":"instock","11":"shipping-taxable","12":"purchasable","13":"product-type-simple"},"_links":{"self":[{"href":"https:\/\/mabuko.co.mz\/site\/index.php?rest_route=\/wp\/v2\/product\/4631","targetHints":{"allow":["GET"]}}],"collection":[{"href":"https:\/\/mabuko.co.mz\/site\/index.php?rest_route=\/wp\/v2\/product"}],"about":[{"href":"https:\/\/mabuko.co.mz\/site\/index.php?rest_route=\/wp\/v2\/types\/product"}],"wp:featuredmedia":[{"embeddable":true,"href":"https:\/\/mabuko.co.mz\/site\/index.php?rest_route=\/wp\/v2\/media\/4632"}],"wp:attachment":[{"href":"https:\/\/mabuko.co.mz\/site\/index.php?rest_route=%2Fwp%2Fv2%2Fmedia&parent=4631"}],"wp:term":[{"taxonomy":"product_cat","embeddable":true,"href":"https:\/\/mabuko.co.mz\/site\/index.php?rest_route=%2Fwp%2Fv2%2Fproduct_cat&post=4631"},{"taxonomy":"product_tag","embeddable":true,"href":"https:\/\/mabuko.co.mz\/site\/index.php?rest_route=%2Fwp%2Fv2%2Fproduct_tag&post=4631"}],"curies":[{"name":"wp","href":"https:\/\/api.w.org\/{rel}","templated":true}]}}