{"id":4626,"date":"2022-06-30T14:56:19","date_gmt":"2022-06-30T14:56:19","guid":{"rendered":"https:\/\/mabuko.co.mz\/?post_type=product&#038;p=4626"},"modified":"2022-12-27T13:59:27","modified_gmt":"2022-12-27T13:59:27","slug":"historias-da-princesa-poppy-volume-4","status":"publish","type":"product","link":"https:\/\/mabuko.co.mz\/site\/?product=historias-da-princesa-poppy-volume-4","title":{"rendered":"HISTORIAS DA PRINCESA POPPY  Volume 4"},"content":{"rendered":"<p>Janey Louise Jones<\/p>\n<p>9789897074943<\/p>\n","protected":false},"excerpt":{"rendered":"<p><strong>SINOPSE<\/strong><\/p>\n<p>A Poppy vive na Colina do Pote de Mel, rodeada pela fam\u00edlia e pelos amigos. Tal como toda a gente, tem os seus bons e maus momentos, enquanto enfrenta perip\u00e9cias imprevis\u00edveis e vive aventuras divertidas.<\/p>\n<p>Entra neste mundo maravilhoso das hist\u00f3rias da Princesa Poppy, onde todas as meninas s\u00e3o princesas como tu!<br \/>\nINCLUI AS SEGUINTES HIST\u00d3RIAS:<br \/>\n\u00bf Princesa das Flores \u00bf O Clube das Amigas \u00bf<br \/>\n\u00bf A Fada do Dentinho \u00bf<\/p>\n<p>Tamb\u00e9m dispon\u00edveis separadamente.<\/p>\n","protected":false},"featured_media":4627,"template":"","meta":{"_monsterinsights_skip_tracking":false,"_monsterinsights_sitenote_active":false,"_monsterinsights_sitenote_note":"","_monsterinsights_sitenote_category":0},"product_cat":[135],"product_tag":[],"class_list":{"0":"post-4626","1":"product","2":"type-product","3":"status-publish","4":"has-post-thumbnail","6":"product_cat-infantil","7":"pa_book-author-janey-louise-jones","9":"first","10":"instock","11":"shipping-taxable","12":"purchasable","13":"product-type-simple"},"_links":{"self":[{"href":"https:\/\/mabuko.co.mz\/site\/index.php?rest_route=\/wp\/v2\/product\/4626","targetHints":{"allow":["GET"]}}],"collection":[{"href":"https:\/\/mabuko.co.mz\/site\/index.php?rest_route=\/wp\/v2\/product"}],"about":[{"href":"https:\/\/mabuko.co.mz\/site\/index.php?rest_route=\/wp\/v2\/types\/product"}],"wp:featuredmedia":[{"embeddable":true,"href":"https:\/\/mabuko.co.mz\/site\/index.php?rest_route=\/wp\/v2\/media\/4627"}],"wp:attachment":[{"href":"https:\/\/mabuko.co.mz\/site\/index.php?rest_route=%2Fwp%2Fv2%2Fmedia&parent=4626"}],"wp:term":[{"taxonomy":"product_cat","embeddable":true,"href":"https:\/\/mabuko.co.mz\/site\/index.php?rest_route=%2Fwp%2Fv2%2Fproduct_cat&post=4626"},{"taxonomy":"product_tag","embeddable":true,"href":"https:\/\/mabuko.co.mz\/site\/index.php?rest_route=%2Fwp%2Fv2%2Fproduct_tag&post=4626"}],"curies":[{"name":"wp","href":"https:\/\/api.w.org\/{rel}","templated":true}]}}