{"id":4624,"date":"2022-06-30T14:51:51","date_gmt":"2022-06-30T14:51:51","guid":{"rendered":"https:\/\/mabuko.co.mz\/?post_type=product&#038;p=4624"},"modified":"2022-12-27T14:01:22","modified_gmt":"2022-12-27T14:01:22","slug":"o-bando-das-cavernas-viagem-no-tempo","status":"publish","type":"product","link":"https:\/\/mabuko.co.mz\/site\/?product=o-bando-das-cavernas-viagem-no-tempo","title":{"rendered":"O BANDO DAS CAVERNAS Viagem no tempo"},"content":{"rendered":"<p>Nuno Caravela<\/p>\n<p>9789897073014<\/p>\n","protected":false},"excerpt":{"rendered":"<div id=\"productPageSectionAboutBook-sinopseTitle\" class=\"right-title\"><strong>SINOPSE<\/strong><\/div>\n<div id=\"productPageSectionAboutBook-sinopse\" class=\"right-text\">\n<p>Este livro, vindo dos confins do tempo, est\u00e1 repleto de aventuras e gargalhadas. Tudo por causa de um grupo muito especial de amigos: o Tocha, a Ruby, o Menir, o Kromeleque, o Tzick e o Sabre. Eles s\u00e3o o Bando das Cavernas!<br \/>\nSegue o Bando at\u00e9 ao monte dos Ecos e diverte-te com os estranhos rituais das tribos dos Trinca-Espinhas e dos Papa-A\u00e7ordas. Pelo caminho ficar\u00e1s a conhecer os Esquilos-s\u00f3-mais-cinco-minutos, que s\u00e3o sempre os \u00faltimos a acordar, e ainda os Pernaltas-poetas, aves que n\u00e3o sabem cantar mas que recitam muito bem, embora os seus poemas sejam, enfim\u2026, um pouco doidos. Depois viaja atrav\u00e9s dos tempos e percorre as pradarias do Oeste selvagem na companhia de \u00edndios e cowboys. Por fim, ajuda tr\u00eas Vikings muito especiais a enfrentarem os tem\u00edveis Goblins e as suas adivinhas quase imposs\u00edveis. Como v\u00eas, h\u00e1 muitas raz\u00f5es para n\u00e3o perderes tempo e come\u00e7ares j\u00e1 a ler. Diverte-te com o Bando!<\/p>\n<\/div>\n","protected":false},"featured_media":4625,"template":"","meta":{"_monsterinsights_skip_tracking":false,"_monsterinsights_sitenote_active":false,"_monsterinsights_sitenote_note":"","_monsterinsights_sitenote_category":0},"product_cat":[135],"product_tag":[],"class_list":{"0":"post-4624","1":"product","2":"type-product","3":"status-publish","4":"has-post-thumbnail","6":"product_cat-infantil","7":"pa_book-author-nuno-caravela","9":"first","10":"instock","11":"shipping-taxable","12":"purchasable","13":"product-type-simple"},"_links":{"self":[{"href":"https:\/\/mabuko.co.mz\/site\/index.php?rest_route=\/wp\/v2\/product\/4624","targetHints":{"allow":["GET"]}}],"collection":[{"href":"https:\/\/mabuko.co.mz\/site\/index.php?rest_route=\/wp\/v2\/product"}],"about":[{"href":"https:\/\/mabuko.co.mz\/site\/index.php?rest_route=\/wp\/v2\/types\/product"}],"wp:featuredmedia":[{"embeddable":true,"href":"https:\/\/mabuko.co.mz\/site\/index.php?rest_route=\/wp\/v2\/media\/4625"}],"wp:attachment":[{"href":"https:\/\/mabuko.co.mz\/site\/index.php?rest_route=%2Fwp%2Fv2%2Fmedia&parent=4624"}],"wp:term":[{"taxonomy":"product_cat","embeddable":true,"href":"https:\/\/mabuko.co.mz\/site\/index.php?rest_route=%2Fwp%2Fv2%2Fproduct_cat&post=4624"},{"taxonomy":"product_tag","embeddable":true,"href":"https:\/\/mabuko.co.mz\/site\/index.php?rest_route=%2Fwp%2Fv2%2Fproduct_tag&post=4624"}],"curies":[{"name":"wp","href":"https:\/\/api.w.org\/{rel}","templated":true}]}}