{"id":4622,"date":"2022-06-30T14:47:41","date_gmt":"2022-06-30T14:47:41","guid":{"rendered":"https:\/\/mabuko.co.mz\/?post_type=product&#038;p=4622"},"modified":"2022-12-27T14:07:15","modified_gmt":"2022-12-27T14:07:15","slug":"hoje-leio-eu-o-pinoquio","status":"publish","type":"product","link":"https:\/\/mabuko.co.mz\/site\/?product=hoje-leio-eu-o-pinoquio","title":{"rendered":"Hoje Leio Eu! O Pin\u00f3quio"},"content":{"rendered":"<p>Carlo Collodi<\/p>\n<p>Giada Francia<\/p>\n","protected":false},"excerpt":{"rendered":"<div id=\"productPageSectionAboutBook-sinopseTitle\" class=\"right-title\"><strong>SINOPSE<\/strong><\/div>\n<div id=\"productPageSectionAboutBook-sinopse\" class=\"right-text\">\n<p>Esta \u00e9 a hist\u00f3ria do Pin\u00f3quio, o boneco de madeira muito traquinas que sonhava tornar-se um menino de verdade.<\/p>\n<p>Infelizmente, s\u00f3 se mete em sarilhos e o seu nariz est\u00e1 sempre a crescer!<\/p>\n<p>Nesta colec\u00e7\u00e3o, dedicada aos mais pequenos, est\u00e3o reunidas algumas das mais belas hist\u00f3rias de sempre.<\/p>\n<p>Cont\u00e9m jogos e adivinhas que ajudam \u00e0 compreens\u00e3o da hist\u00f3ria.<\/p>\n<p>Inclui ilustra\u00e7\u00f5es fant\u00e1sticas e coloridas, e Actividades complementares adequadas ao 1.\u00ba ciclo.<\/p>\n<\/div>\n","protected":false},"featured_media":4623,"template":"","meta":{"_monsterinsights_skip_tracking":false,"_monsterinsights_sitenote_active":false,"_monsterinsights_sitenote_note":"","_monsterinsights_sitenote_category":0},"product_cat":[135],"product_tag":[],"class_list":{"0":"post-4622","1":"product","2":"type-product","3":"status-publish","4":"has-post-thumbnail","6":"product_cat-infantil","7":"pa_book-author-carlo-collodi","8":"pa_book-author-giada-francia","10":"first","11":"outofstock","12":"shipping-taxable","13":"purchasable","14":"product-type-simple"},"_links":{"self":[{"href":"https:\/\/mabuko.co.mz\/site\/index.php?rest_route=\/wp\/v2\/product\/4622","targetHints":{"allow":["GET"]}}],"collection":[{"href":"https:\/\/mabuko.co.mz\/site\/index.php?rest_route=\/wp\/v2\/product"}],"about":[{"href":"https:\/\/mabuko.co.mz\/site\/index.php?rest_route=\/wp\/v2\/types\/product"}],"wp:featuredmedia":[{"embeddable":true,"href":"https:\/\/mabuko.co.mz\/site\/index.php?rest_route=\/wp\/v2\/media\/4623"}],"wp:attachment":[{"href":"https:\/\/mabuko.co.mz\/site\/index.php?rest_route=%2Fwp%2Fv2%2Fmedia&parent=4622"}],"wp:term":[{"taxonomy":"product_cat","embeddable":true,"href":"https:\/\/mabuko.co.mz\/site\/index.php?rest_route=%2Fwp%2Fv2%2Fproduct_cat&post=4622"},{"taxonomy":"product_tag","embeddable":true,"href":"https:\/\/mabuko.co.mz\/site\/index.php?rest_route=%2Fwp%2Fv2%2Fproduct_tag&post=4622"}],"curies":[{"name":"wp","href":"https:\/\/api.w.org\/{rel}","templated":true}]}}