{"id":4619,"date":"2022-06-30T14:35:38","date_gmt":"2022-06-30T14:35:38","guid":{"rendered":"https:\/\/mabuko.co.mz\/?post_type=product&#038;p=4619"},"modified":"2022-12-27T14:13:28","modified_gmt":"2022-12-27T14:13:28","slug":"o-diario-de-um-banana-vai-tudo-abaixo","status":"publish","type":"product","link":"https:\/\/mabuko.co.mz\/site\/?product=o-diario-de-um-banana-vai-tudo-abaixo","title":{"rendered":"O DI\u00c1RIO DE UM BANANA- VAI TUDO ABAIXO"},"content":{"rendered":"<p>Jeff Kinney<\/p>\n<p>9789897077531<\/p>\n","protected":false},"excerpt":{"rendered":"<p><strong>SINOPSE<\/strong><\/p>\n<p>Um nev\u00e3o inesperado obriga ao encerramento da escola do Greg e transforma todo o bairro num campo de batalha. V\u00e1rios grupos rivais defrontam-se para conquistarem os territ\u00f3rios vizinhos. Entre gigantescos fortes de gelo e incr\u00edveis combates de bolas de neve, \u00e9 uma verdadeira batalha \u00abneval\u00bb!<\/p>\n<p>Apanhados no meio deste fogo cruzado, o Greg e o Rowley est\u00e3o a dar em loucos! Eles v\u00e3o ter de descobrir quem s\u00e3o os respons\u00e1veis por esta guerra, para poderem restaurar a paz. O Greg e o Rowley ser\u00e3o ent\u00e3o aclamados como her\u00f3is. Hum\u2026 ou ent\u00e3o n\u00e3o, e \u00e9 desta que VAI TUDO ABAIXO<\/p>\n","protected":false},"featured_media":4620,"template":"","meta":{"_monsterinsights_skip_tracking":false,"_monsterinsights_sitenote_active":false,"_monsterinsights_sitenote_note":"","_monsterinsights_sitenote_category":0},"product_cat":[135],"product_tag":[],"class_list":{"0":"post-4619","1":"product","2":"type-product","3":"status-publish","4":"has-post-thumbnail","6":"product_cat-infantil","7":"pa_book-author-jeff-kinney","9":"first","10":"instock","11":"shipping-taxable","12":"purchasable","13":"product-type-simple"},"_links":{"self":[{"href":"https:\/\/mabuko.co.mz\/site\/index.php?rest_route=\/wp\/v2\/product\/4619","targetHints":{"allow":["GET"]}}],"collection":[{"href":"https:\/\/mabuko.co.mz\/site\/index.php?rest_route=\/wp\/v2\/product"}],"about":[{"href":"https:\/\/mabuko.co.mz\/site\/index.php?rest_route=\/wp\/v2\/types\/product"}],"wp:featuredmedia":[{"embeddable":true,"href":"https:\/\/mabuko.co.mz\/site\/index.php?rest_route=\/wp\/v2\/media\/4620"}],"wp:attachment":[{"href":"https:\/\/mabuko.co.mz\/site\/index.php?rest_route=%2Fwp%2Fv2%2Fmedia&parent=4619"}],"wp:term":[{"taxonomy":"product_cat","embeddable":true,"href":"https:\/\/mabuko.co.mz\/site\/index.php?rest_route=%2Fwp%2Fv2%2Fproduct_cat&post=4619"},{"taxonomy":"product_tag","embeddable":true,"href":"https:\/\/mabuko.co.mz\/site\/index.php?rest_route=%2Fwp%2Fv2%2Fproduct_tag&post=4619"}],"curies":[{"name":"wp","href":"https:\/\/api.w.org\/{rel}","templated":true}]}}