{"id":4617,"date":"2022-06-30T14:31:15","date_gmt":"2022-06-30T14:31:15","guid":{"rendered":"https:\/\/mabuko.co.mz\/?post_type=product&#038;p=4617"},"modified":"2022-12-27T14:21:42","modified_gmt":"2022-12-27T14:21:42","slug":"as-gemeas-um-primeiro-periodo-especial-em-santa-clara","status":"publish","type":"product","link":"https:\/\/mabuko.co.mz\/site\/?product=as-gemeas-um-primeiro-periodo-especial-em-santa-clara","title":{"rendered":"AS G\u00c9MEAS &#8211; UM PRIMEIRO PER\u00cdODO ESPECIAL EM SANTA CLARA"},"content":{"rendered":"<p>Enid Blyton<\/p>\n<p>Sara Rodi<\/p>\n<p>9789897418389<\/p>\n","protected":false},"excerpt":{"rendered":"<div id=\"productPageSectionAboutBook-sinopseTitle\" class=\"right-title\"><strong>SINOPSE<\/strong><\/div>\n<div id=\"productPageSectionAboutBook-sinopse\" class=\"right-text\">\n<p>Bravas de Santa Clara, vamos a isto!<\/p>\n<p>O col\u00e9gio recebe uma nova aluna portuguesa, que vai desafiar as colegas a formar uma equipa de h\u00f3quei em patins.<br \/>\nVai ser um \u00faltimo per\u00edodo inesquec\u00edvel para as g\u00e9meas O\u2019Sullivan.<\/p>\n<\/div>\n","protected":false},"featured_media":4618,"template":"","meta":{"_monsterinsights_skip_tracking":false,"_monsterinsights_sitenote_active":false,"_monsterinsights_sitenote_note":"","_monsterinsights_sitenote_category":0},"product_cat":[135],"product_tag":[],"class_list":{"0":"post-4617","1":"product","2":"type-product","3":"status-publish","4":"has-post-thumbnail","6":"product_cat-infantil","7":"pa_book-author-enid-blyton","8":"pa_book-author-sara-rodi","10":"first","11":"instock","12":"shipping-taxable","13":"purchasable","14":"product-type-simple"},"_links":{"self":[{"href":"https:\/\/mabuko.co.mz\/site\/index.php?rest_route=\/wp\/v2\/product\/4617","targetHints":{"allow":["GET"]}}],"collection":[{"href":"https:\/\/mabuko.co.mz\/site\/index.php?rest_route=\/wp\/v2\/product"}],"about":[{"href":"https:\/\/mabuko.co.mz\/site\/index.php?rest_route=\/wp\/v2\/types\/product"}],"wp:featuredmedia":[{"embeddable":true,"href":"https:\/\/mabuko.co.mz\/site\/index.php?rest_route=\/wp\/v2\/media\/4618"}],"wp:attachment":[{"href":"https:\/\/mabuko.co.mz\/site\/index.php?rest_route=%2Fwp%2Fv2%2Fmedia&parent=4617"}],"wp:term":[{"taxonomy":"product_cat","embeddable":true,"href":"https:\/\/mabuko.co.mz\/site\/index.php?rest_route=%2Fwp%2Fv2%2Fproduct_cat&post=4617"},{"taxonomy":"product_tag","embeddable":true,"href":"https:\/\/mabuko.co.mz\/site\/index.php?rest_route=%2Fwp%2Fv2%2Fproduct_tag&post=4617"}],"curies":[{"name":"wp","href":"https:\/\/api.w.org\/{rel}","templated":true}]}}