{"id":4611,"date":"2022-06-30T13:58:05","date_gmt":"2022-06-30T13:58:05","guid":{"rendered":"https:\/\/mabuko.co.mz\/?post_type=product&#038;p=4611"},"modified":"2022-12-27T14:26:59","modified_gmt":"2022-12-27T14:26:59","slug":"as-gemeas-mais-aventuras-no-colegio-de-santa-clara","status":"publish","type":"product","link":"https:\/\/mabuko.co.mz\/site\/?product=as-gemeas-mais-aventuras-no-colegio-de-santa-clara","title":{"rendered":"AS G\u00c9MEAS &#8211; MAIS AVENTURAS NO COL\u00c9GIO DE SANTA CLARA"},"content":{"rendered":"<p>Enid Blyton<\/p>\n<p>9789897413339<\/p>\n","protected":false},"excerpt":{"rendered":"<div id=\"productPageSectionAboutBook-sinopseTitle\" class=\"right-title\"><strong>SINOPSE<\/strong><\/div>\n<div id=\"productPageSectionAboutBook-sinopse\" class=\"right-text\">\n<p>&#8220;\u00c9 mesmo a Alma? Est\u00e1 irreconhec\u00edvel!&#8221;<br \/>\n\u00c9 verdade, a Alma regressa ao col\u00e9gio e as endiabradas M\u00f3nica e Matilde tamb\u00e9m!<br \/>\nH\u00e1 sarilhos redobrados em Santa Clara!<\/p>\n<\/div>\n","protected":false},"featured_media":4612,"template":"","meta":{"_monsterinsights_skip_tracking":false,"_monsterinsights_sitenote_active":false,"_monsterinsights_sitenote_note":"","_monsterinsights_sitenote_category":0},"product_cat":[135],"product_tag":[],"class_list":{"0":"post-4611","1":"product","2":"type-product","3":"status-publish","4":"has-post-thumbnail","6":"product_cat-infantil","7":"pa_book-author-enid-blyton","9":"first","10":"instock","11":"shipping-taxable","12":"purchasable","13":"product-type-simple"},"_links":{"self":[{"href":"https:\/\/mabuko.co.mz\/site\/index.php?rest_route=\/wp\/v2\/product\/4611","targetHints":{"allow":["GET"]}}],"collection":[{"href":"https:\/\/mabuko.co.mz\/site\/index.php?rest_route=\/wp\/v2\/product"}],"about":[{"href":"https:\/\/mabuko.co.mz\/site\/index.php?rest_route=\/wp\/v2\/types\/product"}],"wp:featuredmedia":[{"embeddable":true,"href":"https:\/\/mabuko.co.mz\/site\/index.php?rest_route=\/wp\/v2\/media\/4612"}],"wp:attachment":[{"href":"https:\/\/mabuko.co.mz\/site\/index.php?rest_route=%2Fwp%2Fv2%2Fmedia&parent=4611"}],"wp:term":[{"taxonomy":"product_cat","embeddable":true,"href":"https:\/\/mabuko.co.mz\/site\/index.php?rest_route=%2Fwp%2Fv2%2Fproduct_cat&post=4611"},{"taxonomy":"product_tag","embeddable":true,"href":"https:\/\/mabuko.co.mz\/site\/index.php?rest_route=%2Fwp%2Fv2%2Fproduct_tag&post=4611"}],"curies":[{"name":"wp","href":"https:\/\/api.w.org\/{rel}","templated":true}]}}