{"id":4609,"date":"2022-06-30T13:51:52","date_gmt":"2022-06-30T13:51:52","guid":{"rendered":"https:\/\/mabuko.co.mz\/?post_type=product&#038;p=4609"},"modified":"2023-06-08T11:58:10","modified_gmt":"2023-06-08T11:58:10","slug":"o-que-fazer-com-uma-oportunidade","status":"publish","type":"product","link":"https:\/\/mabuko.co.mz\/site\/?product=o-que-fazer-com-uma-oportunidade","title":{"rendered":"O QUE FAZER COM UMA OPORTUNIDADE"},"content":{"rendered":"<p>Kobi Yamada<\/p>\n<p>9789897766336<\/p>\n","protected":false},"excerpt":{"rendered":"<div id=\"productPageSectionAboutBook-sinopseTitle\" class=\"right-title\"><strong>SINOPSE<\/strong><\/div>\n<div id=\"productPageSectionAboutBook-sinopse\" class=\"right-text\">\n<p>No que se tornam as oportunidades?<br \/>\nEm novas amizades, possibilidades emocionantes e descobertas fant\u00e1sticas.<\/p>\n<p>As oportunidades s\u00e3o convites para grandes aventuras, bilhetes para experi\u00eancias inesquec\u00edveis e portas para mundos completamente novos.<\/p>\n<p>Esta \u00e9 hist\u00f3ria de um menino e de uma oportunidade que ele hesitou em agarrar, mas que n\u00e3o podia perder.<\/p>\n<\/div>\n","protected":false},"featured_media":4610,"template":"","meta":{"_monsterinsights_skip_tracking":false,"_monsterinsights_sitenote_active":false,"_monsterinsights_sitenote_note":"","_monsterinsights_sitenote_category":0},"product_cat":[135],"product_tag":[],"class_list":{"0":"post-4609","1":"product","2":"type-product","3":"status-publish","4":"has-post-thumbnail","6":"product_cat-infantil","7":"pa_book-author-kobi-yamada","9":"first","10":"outofstock","11":"shipping-taxable","12":"purchasable","13":"product-type-simple"},"_links":{"self":[{"href":"https:\/\/mabuko.co.mz\/site\/index.php?rest_route=\/wp\/v2\/product\/4609","targetHints":{"allow":["GET"]}}],"collection":[{"href":"https:\/\/mabuko.co.mz\/site\/index.php?rest_route=\/wp\/v2\/product"}],"about":[{"href":"https:\/\/mabuko.co.mz\/site\/index.php?rest_route=\/wp\/v2\/types\/product"}],"wp:featuredmedia":[{"embeddable":true,"href":"https:\/\/mabuko.co.mz\/site\/index.php?rest_route=\/wp\/v2\/media\/4610"}],"wp:attachment":[{"href":"https:\/\/mabuko.co.mz\/site\/index.php?rest_route=%2Fwp%2Fv2%2Fmedia&parent=4609"}],"wp:term":[{"taxonomy":"product_cat","embeddable":true,"href":"https:\/\/mabuko.co.mz\/site\/index.php?rest_route=%2Fwp%2Fv2%2Fproduct_cat&post=4609"},{"taxonomy":"product_tag","embeddable":true,"href":"https:\/\/mabuko.co.mz\/site\/index.php?rest_route=%2Fwp%2Fv2%2Fproduct_tag&post=4609"}],"curies":[{"name":"wp","href":"https:\/\/api.w.org\/{rel}","templated":true}]}}