{"id":4607,"date":"2022-06-30T13:42:04","date_gmt":"2022-06-30T13:42:04","guid":{"rendered":"https:\/\/mabuko.co.mz\/?post_type=product&#038;p=4607"},"modified":"2023-06-08T11:57:18","modified_gmt":"2023-06-08T11:57:18","slug":"o-que-fazem-com-uma-ideia","status":"publish","type":"product","link":"https:\/\/mabuko.co.mz\/site\/?product=o-que-fazem-com-uma-ideia","title":{"rendered":"O QUE FAZER COM UMA IDEIA?"},"content":{"rendered":"<p>o que fazer com uma ideia?<\/p>\n","protected":false},"excerpt":{"rendered":"<div id=\"productPageSectionAboutBook-sinopseTitle\" class=\"right-title\"><strong>SINOPSE<\/strong><\/div>\n<div id=\"productPageSectionAboutBook-sinopse\" class=\"right-text\">\n<p>No que se transformam as ideias?<br \/>\nCoisas grandes, coisas corajosas, coisas inteligentes, coisas tontas.<br \/>\nCoisas como hist\u00f3rias, desenhos, jornais, inven\u00e7\u00f5es, comunidades, produtos e curas.<\/p>\n<p>Esta \u00e9 a hist\u00f3ria de uma ideia e um menino que decide mostr\u00e1-la ao mundo.<\/p>\n<\/div>\n","protected":false},"featured_media":4608,"template":"","meta":{"_monsterinsights_skip_tracking":false,"_monsterinsights_sitenote_active":false,"_monsterinsights_sitenote_note":"","_monsterinsights_sitenote_category":0},"product_cat":[103],"product_tag":[],"class_list":{"0":"post-4607","1":"product","2":"type-product","3":"status-publish","4":"has-post-thumbnail","6":"product_cat-literatura","7":"pa_book-author-kobi-yamada","9":"first","10":"outofstock","11":"shipping-taxable","12":"purchasable","13":"product-type-simple"},"_links":{"self":[{"href":"https:\/\/mabuko.co.mz\/site\/index.php?rest_route=\/wp\/v2\/product\/4607","targetHints":{"allow":["GET"]}}],"collection":[{"href":"https:\/\/mabuko.co.mz\/site\/index.php?rest_route=\/wp\/v2\/product"}],"about":[{"href":"https:\/\/mabuko.co.mz\/site\/index.php?rest_route=\/wp\/v2\/types\/product"}],"wp:featuredmedia":[{"embeddable":true,"href":"https:\/\/mabuko.co.mz\/site\/index.php?rest_route=\/wp\/v2\/media\/4608"}],"wp:attachment":[{"href":"https:\/\/mabuko.co.mz\/site\/index.php?rest_route=%2Fwp%2Fv2%2Fmedia&parent=4607"}],"wp:term":[{"taxonomy":"product_cat","embeddable":true,"href":"https:\/\/mabuko.co.mz\/site\/index.php?rest_route=%2Fwp%2Fv2%2Fproduct_cat&post=4607"},{"taxonomy":"product_tag","embeddable":true,"href":"https:\/\/mabuko.co.mz\/site\/index.php?rest_route=%2Fwp%2Fv2%2Fproduct_tag&post=4607"}],"curies":[{"name":"wp","href":"https:\/\/api.w.org\/{rel}","templated":true}]}}