{"id":4605,"date":"2022-06-30T13:26:01","date_gmt":"2022-06-30T13:26:01","guid":{"rendered":"https:\/\/mabuko.co.mz\/?post_type=product&#038;p=4605"},"modified":"2023-02-14T12:36:05","modified_gmt":"2023-02-14T12:36:05","slug":"tempo-de-mulheres","status":"publish","type":"product","link":"https:\/\/mabuko.co.mz\/site\/?product=tempo-de-mulheres","title":{"rendered":"TEMPO DE MULHERES"},"content":{"rendered":"<p>Emanuel Correia Balsa<\/p>\n<p>9789895262182<\/p>\n","protected":false},"excerpt":{"rendered":"<div id=\"productPageSectionAboutBook-sinopseTitle\" class=\"right-title\">\n<div id=\"productPageSectionAboutBook-sinopseTitle\" class=\"right-title\"><strong>SINOPSE<\/strong><\/div>\n<div id=\"productPageSectionAboutBook-sinopse\" class=\"right-text\">\n<p>Quatro amigas.<br \/>\nDuas guerras mundiais.<br \/>\nA fascinante hist\u00f3ria do s\u00e9culo XX.<\/p>\n<p>1949. A guerra terminou. Os nazis foram derrotados. A cidade de Hamburgo ficou reduzida a cinzas, muitos ficaram sem casa para a qual regressar. \u00c9 preciso reerguerem-se dos escombros. \u00c9 o que tenta fazer Henny, incapaz de esquecer o olhar da sua amiga K\u00e4the naquele el\u00e9ctrico\u2026 Se K\u00e4the sobreviveu \u00e0 guerra, porque n\u00e3o entrou em contacto com ela? Lina abriu uma livraria e luta por levar o seu neg\u00f3cio adiante.<\/p>\n<p>Ida est\u00e1 desiludida com a sua rela\u00e7\u00e3o com Tian, apesar de tudo o que viveram juntos. Durante d\u00e9cadas, as quatro amigas partilharam a felicidade e a tristeza, as pequenas alegrias, bem como os momentos mais sombrios. Agora, os seus filhos crescem num mundo novo e tamb\u00e9m eles t\u00eam hist\u00f3rias para contar.<\/p>\n<p>Come\u00e7am, finalmente, os anos do milagre econ\u00f3mico e das revolu\u00e7\u00f5es sociais, que marcaram as d\u00e9cadas de 1950 e de 1960: a constru\u00e7\u00e3o do Muro de Berlim, o aparecimento da p\u00edlula contraceptiva e da televis\u00e3o, o in\u00edcio dos movimentos estudantis e a m\u00fasica dos Beatles. Mas ainda h\u00e1 um longo caminho a percorrer\u2026<\/p>\n<p>A t\u00e3o aguardada segunda parte da trilogia que conquistou mais de 2 milh\u00f5es de leitores em todo o mundo.<\/p>\n<\/div>\n<\/div>\n","protected":false},"featured_media":4606,"template":"","meta":{"_monsterinsights_skip_tracking":false,"_monsterinsights_sitenote_active":false,"_monsterinsights_sitenote_note":"","_monsterinsights_sitenote_category":0},"product_cat":[103,105],"product_tag":[],"class_list":{"0":"post-4605","1":"product","2":"type-product","3":"status-publish","4":"has-post-thumbnail","6":"product_cat-literatura","7":"product_cat-romance","8":"pa_book-author-carmen-korn","10":"first","11":"instock","12":"shipping-taxable","13":"purchasable","14":"product-type-simple"},"_links":{"self":[{"href":"https:\/\/mabuko.co.mz\/site\/index.php?rest_route=\/wp\/v2\/product\/4605","targetHints":{"allow":["GET"]}}],"collection":[{"href":"https:\/\/mabuko.co.mz\/site\/index.php?rest_route=\/wp\/v2\/product"}],"about":[{"href":"https:\/\/mabuko.co.mz\/site\/index.php?rest_route=\/wp\/v2\/types\/product"}],"wp:featuredmedia":[{"embeddable":true,"href":"https:\/\/mabuko.co.mz\/site\/index.php?rest_route=\/wp\/v2\/media\/4606"}],"wp:attachment":[{"href":"https:\/\/mabuko.co.mz\/site\/index.php?rest_route=%2Fwp%2Fv2%2Fmedia&parent=4605"}],"wp:term":[{"taxonomy":"product_cat","embeddable":true,"href":"https:\/\/mabuko.co.mz\/site\/index.php?rest_route=%2Fwp%2Fv2%2Fproduct_cat&post=4605"},{"taxonomy":"product_tag","embeddable":true,"href":"https:\/\/mabuko.co.mz\/site\/index.php?rest_route=%2Fwp%2Fv2%2Fproduct_tag&post=4605"}],"curies":[{"name":"wp","href":"https:\/\/api.w.org\/{rel}","templated":true}]}}