{"id":4603,"date":"2022-06-30T12:08:40","date_gmt":"2022-06-30T12:08:40","guid":{"rendered":"https:\/\/mabuko.co.mz\/?post_type=product&#038;p=4603"},"modified":"2023-02-14T12:38:58","modified_gmt":"2023-02-14T12:38:58","slug":"a-vida-mentirosa-dos-adultos","status":"publish","type":"product","link":"https:\/\/mabuko.co.mz\/site\/?product=a-vida-mentirosa-dos-adultos","title":{"rendered":"A VIDA MENTIROSA DOS ADULTOS"},"content":{"rendered":"<p>Elena Ferrante<\/p>\n<p>9789897830662<\/p>\n","protected":false},"excerpt":{"rendered":"<div id=\"productPageSectionAboutBook-sinopseTitle\" class=\"right-title\"><strong>SINOPSE<\/strong><\/div>\n<div id=\"productPageSectionAboutBook-sinopse\" class=\"right-text\">\n<p>\u00abDois anos antes de sair de casa, o meu pai disse \u00e0 minha m\u00e3e que eu era muito feia\u00bb \u00e9 a frase inicial deste romance. A revela\u00e7\u00e3o \u00e9 feita por Giovanna, que ao olhar paterno se transformara de crian\u00e7a encantadora em adolescente imprevis\u00edvel, que parecia tornar-se cada dia mais parecida com a desprezada tia Vittoria.<\/p>\n<p>A frase ouvida sem que os pais o soubessem vai levar Giovanna a procurar conhecer a tia, cujas fotografias foram apagadas dos \u00e1lbuns de fam\u00edlia e \u00e9 evitada em todas as conversas.<\/p>\n<p>Para saber se estar\u00e1 realmente a tornar-se semelhante \u00e0 tia, vai visitar a zona empobrecida de N\u00e1poles, a conhecer uma vers\u00e3o diferente dos seus pais, provocando sem o saber a desagrega\u00e7\u00e3o da sua fam\u00edlia intelectual, compreensiva e perfeita na apar\u00eancia.<\/p>\n<p>Confirmando a sua mestria narrativa e o profundo conhecimento do que se passa na cabe\u00e7a das adolescentes, Ferrante constr\u00f3i um enredo surpreendente, ligando uma hist\u00f3ria de inicia\u00e7\u00e3o aos epis\u00f3dios de uma pulseira que passa de m\u00e3o em m\u00e3o. Giovanna move-se entre duas fam\u00edlias e duas zonas da cidade em busca dela pr\u00f3pria, na passagem da adolesc\u00eancia para a idade adulta.<\/p>\n<\/div>\n","protected":false},"featured_media":4604,"template":"","meta":{"_monsterinsights_skip_tracking":false,"_monsterinsights_sitenote_active":false,"_monsterinsights_sitenote_note":"","_monsterinsights_sitenote_category":0},"product_cat":[103,105],"product_tag":[],"class_list":{"0":"post-4603","1":"product","2":"type-product","3":"status-publish","4":"has-post-thumbnail","6":"product_cat-literatura","7":"product_cat-romance","8":"pa_book-author-elena-ferrante","10":"first","11":"instock","12":"shipping-taxable","13":"purchasable","14":"product-type-simple"},"_links":{"self":[{"href":"https:\/\/mabuko.co.mz\/site\/index.php?rest_route=\/wp\/v2\/product\/4603","targetHints":{"allow":["GET"]}}],"collection":[{"href":"https:\/\/mabuko.co.mz\/site\/index.php?rest_route=\/wp\/v2\/product"}],"about":[{"href":"https:\/\/mabuko.co.mz\/site\/index.php?rest_route=\/wp\/v2\/types\/product"}],"wp:featuredmedia":[{"embeddable":true,"href":"https:\/\/mabuko.co.mz\/site\/index.php?rest_route=\/wp\/v2\/media\/4604"}],"wp:attachment":[{"href":"https:\/\/mabuko.co.mz\/site\/index.php?rest_route=%2Fwp%2Fv2%2Fmedia&parent=4603"}],"wp:term":[{"taxonomy":"product_cat","embeddable":true,"href":"https:\/\/mabuko.co.mz\/site\/index.php?rest_route=%2Fwp%2Fv2%2Fproduct_cat&post=4603"},{"taxonomy":"product_tag","embeddable":true,"href":"https:\/\/mabuko.co.mz\/site\/index.php?rest_route=%2Fwp%2Fv2%2Fproduct_tag&post=4603"}],"curies":[{"name":"wp","href":"https:\/\/api.w.org\/{rel}","templated":true}]}}