{"id":4595,"date":"2022-06-29T10:27:19","date_gmt":"2022-06-29T10:27:19","guid":{"rendered":"https:\/\/mabuko.co.mz\/?post_type=product&#038;p=4595"},"modified":"2022-12-27T14:38:54","modified_gmt":"2022-12-27T14:38:54","slug":"as-regras-de-ouro","status":"publish","type":"product","link":"https:\/\/mabuko.co.mz\/site\/?product=as-regras-de-ouro","title":{"rendered":"AS REGRAS DE OURO"},"content":{"rendered":"<p>Napoleon Hill<\/p>\n<p>9789898297808<\/p>\n","protected":false},"excerpt":{"rendered":"<div id=\"productPageSectionAboutBook-sinopseTitle\" class=\"right-title\"><strong>SINOPSE<\/strong><\/div>\n<div id=\"productPageSectionAboutBook-sinopse\" class=\"right-text\">\n<p>Uma incr\u00edvel colec\u00e7\u00e3o de artigos h\u00e1 muito perdidos do rei do sucesso pessoal<\/p>\n<p>H\u00e1 mais de 70 anos que Napoleon Hill inspira as pessoas a atingir o seu melhor em termos pessoais. Ele foi o primeiro e o mais famoso autor motivacional de todos os tempos, e ali\u00e1s, os autores de livros de auto-ajuda com mais sucesso hoje em dia devem muito \u00e0 sabedoria vision\u00e1ria de Hill, incluindo algumas das suas melhores ideias.<\/p>\n<p>Agora, o livro\u00a0<i>As Regras de Ouro de Napoleon Hill<\/i>, apresenta os artigos que Hill escreveu entre 1919 e 1923, que deram in\u00edcio a tudo. Nunca antes reunidos em formato de livro, estes artigos cont\u00eam verdadeiras preciosidades de uma sabedoria de ouro que s\u00e3o t\u00e3o aplic\u00e1veis hoje em dia como eram h\u00e1 quase um s\u00e9culo atr\u00e1s. Baseados em entrevistas com magnatas famosos que passaram da mis\u00e9ria \u00e0 riqueza como Carnegie, Ford e Edison, eles revelam caminhos provados e eficazes para chegar ao sucesso que resultam mesmo para a pessoa comum &#8211; ontem, hoje e amanh\u00e3.<\/p>\n<p>Estes artigos envolventes e muito vivos est\u00e3o recheados de imensa inspira\u00e7\u00e3o e motiva\u00e7\u00e3o e oferecem uma reflex\u00e3o aprofundada e intemporal sobre t\u00f3picos como o poder da sugest\u00e3o, o desenvolvimento da autoconfian\u00e7a, o uso da persuas\u00e3o versus for\u00e7a e a lei da atrac\u00e7\u00e3o. Se acha que j\u00e1 ouviu estas ideias em algum lado, n\u00e3o est\u00e1 enganado. H\u00e1 d\u00e9cadas que os escritores motivacionais modernos ajustam e d\u00e3o uma nova roupagem \u00e0s ideias de Hill, mas a fonte original continua a ser a melhor. Leia\u00a0<i>As Regras de Ouro de Napoleon Hill<\/i>\u00a0e mude a sua vida.<\/p>\n<\/div>\n","protected":false},"featured_media":4596,"template":"","meta":{"_monsterinsights_skip_tracking":false,"_monsterinsights_sitenote_active":false,"_monsterinsights_sitenote_note":"","_monsterinsights_sitenote_category":0},"product_cat":[108],"product_tag":[],"class_list":{"0":"post-4595","1":"product","2":"type-product","3":"status-publish","4":"has-post-thumbnail","6":"product_cat-auto-ajuda","7":"pa_book-author-napoleon-hill","9":"first","10":"outofstock","11":"shipping-taxable","12":"purchasable","13":"product-type-simple"},"_links":{"self":[{"href":"https:\/\/mabuko.co.mz\/site\/index.php?rest_route=\/wp\/v2\/product\/4595","targetHints":{"allow":["GET"]}}],"collection":[{"href":"https:\/\/mabuko.co.mz\/site\/index.php?rest_route=\/wp\/v2\/product"}],"about":[{"href":"https:\/\/mabuko.co.mz\/site\/index.php?rest_route=\/wp\/v2\/types\/product"}],"wp:featuredmedia":[{"embeddable":true,"href":"https:\/\/mabuko.co.mz\/site\/index.php?rest_route=\/wp\/v2\/media\/4596"}],"wp:attachment":[{"href":"https:\/\/mabuko.co.mz\/site\/index.php?rest_route=%2Fwp%2Fv2%2Fmedia&parent=4595"}],"wp:term":[{"taxonomy":"product_cat","embeddable":true,"href":"https:\/\/mabuko.co.mz\/site\/index.php?rest_route=%2Fwp%2Fv2%2Fproduct_cat&post=4595"},{"taxonomy":"product_tag","embeddable":true,"href":"https:\/\/mabuko.co.mz\/site\/index.php?rest_route=%2Fwp%2Fv2%2Fproduct_tag&post=4595"}],"curies":[{"name":"wp","href":"https:\/\/api.w.org\/{rel}","templated":true}]}}