{"id":4592,"date":"2022-06-29T10:13:55","date_gmt":"2022-06-29T10:13:55","guid":{"rendered":"https:\/\/mabuko.co.mz\/?post_type=product&#038;p=4592"},"modified":"2022-10-26T06:58:18","modified_gmt":"2022-10-26T06:58:18","slug":"os-5-niveis-da-lideranca","status":"publish","type":"product","link":"https:\/\/mabuko.co.mz\/site\/?product=os-5-niveis-da-lideranca","title":{"rendered":"OS 5 N\u00cdVEIS DA LIDERAN\u00c7A"},"content":{"rendered":"<p>John C. Maxwell<\/p>\n<p>9789898529343<\/p>\n","protected":false},"excerpt":{"rendered":"<p><strong>SINOPSE<\/strong><\/p>\n<div id=\"productPageSectionAboutBook-sinopseTitle\" class=\"right-title\"><span style=\"font-size: 1rem;\">&#8220;OS 5 N\u00cdVEIS DA LIDERAN\u00c7A \u00e9 um livro surpreendente. O convite de John C. Maxwell para olharmos para a Lideran\u00e7a como um verbo e n\u00e3o como um substantivo, faz-nos repensar a forma como o conceito de lideran\u00e7a tem sido explorado ao longo dos tempos, bem como todo o potencial de desenvolvimento daqueles que querem tornar-se verdadeiros l\u00edderes. A n\u00e3o perder! Os 5 N\u00edveis da Lideran\u00e7a \u00e9 sem d\u00favida um dos melhores livros de Lideran\u00e7a que j\u00e1 li!&#8221;<\/span><\/div>\n<div id=\"productPageSectionAboutBook-sinopse\" class=\"right-text\">\n<p><i>Anabela Possid\u00f3nio, The Lisbon MBA Executive Director &amp; Development Coach<\/i><\/p>\n<p>&#8220;OS 5 N\u00cdVEIS DA LIDERAN\u00c7A \u00e9 mais um excelente livro de um autor que acompanho h\u00e1 anos e teima em nunca me desiludir. Maxwell refor\u00e7a a necessidade do l\u00edder se conhecer no seu melhor e no seu pior, de gostar verdadeiramente de pessoas, de saber comunicar e interagir com elas, de ter uma boa base de valores e partilh\u00e1-la com os seus e ser um \u2018fazedor\u2019 de l\u00edderes, levando os outros a quererem segui-lo. Porque, mesmo que nos auto-intitulemos l\u00edderes, ningu\u00e9m \u00e9 mais do que aquilo que lhe reconhecem. S\u00e3o cinco n\u00edveis e nenhum deve ser descurado. Fant\u00e1stico!&#8221;<br \/>\n<i>F\u00e1tima Rodrigues, Link To Leaders<\/i><\/p>\n<\/div>\n","protected":false},"featured_media":4746,"template":"","meta":{"_monsterinsights_skip_tracking":false,"_monsterinsights_sitenote_active":false,"_monsterinsights_sitenote_note":"","_monsterinsights_sitenote_category":0},"product_cat":[108],"product_tag":[],"class_list":{"0":"post-4592","1":"product","2":"type-product","3":"status-publish","4":"has-post-thumbnail","6":"product_cat-auto-ajuda","7":"pa_book-author-john-c-maxwell","9":"first","10":"outofstock","11":"shipping-taxable","12":"purchasable","13":"product-type-simple"},"_links":{"self":[{"href":"https:\/\/mabuko.co.mz\/site\/index.php?rest_route=\/wp\/v2\/product\/4592","targetHints":{"allow":["GET"]}}],"collection":[{"href":"https:\/\/mabuko.co.mz\/site\/index.php?rest_route=\/wp\/v2\/product"}],"about":[{"href":"https:\/\/mabuko.co.mz\/site\/index.php?rest_route=\/wp\/v2\/types\/product"}],"wp:featuredmedia":[{"embeddable":true,"href":"https:\/\/mabuko.co.mz\/site\/index.php?rest_route=\/wp\/v2\/media\/4746"}],"wp:attachment":[{"href":"https:\/\/mabuko.co.mz\/site\/index.php?rest_route=%2Fwp%2Fv2%2Fmedia&parent=4592"}],"wp:term":[{"taxonomy":"product_cat","embeddable":true,"href":"https:\/\/mabuko.co.mz\/site\/index.php?rest_route=%2Fwp%2Fv2%2Fproduct_cat&post=4592"},{"taxonomy":"product_tag","embeddable":true,"href":"https:\/\/mabuko.co.mz\/site\/index.php?rest_route=%2Fwp%2Fv2%2Fproduct_tag&post=4592"}],"curies":[{"name":"wp","href":"https:\/\/api.w.org\/{rel}","templated":true}]}}