{"id":4587,"date":"2022-06-29T09:53:23","date_gmt":"2022-06-29T09:53:23","guid":{"rendered":"https:\/\/mabuko.co.mz\/?post_type=product&#038;p=4587"},"modified":"2022-12-22T12:33:03","modified_gmt":"2022-12-22T12:33:03","slug":"isto-acaba-aqui","status":"publish","type":"product","link":"https:\/\/mabuko.co.mz\/site\/?product=isto-acaba-aqui","title":{"rendered":"ISTO ACABA AQUI"},"content":{"rendered":"<p>Collen Hoover<\/p>\n<p>9789898800985<\/p>\n","protected":false},"excerpt":{"rendered":"<p><strong>SINOPSE<\/strong><\/p>\n<p><em>Grande Vencedor do Pr\u00e9mio Goodreads Melhor Romance de 2016<\/em><\/p>\n<p>O que te resta quando o homem dos teus sonhos te magoa? Lily tem 25 anos. Acaba de se mudar para Boston, pronta para come\u00e7ar uma nova vida e encontrar finalmente a felicidade. No terra\u00e7o de um edif\u00edcio, onde se refugia para pensar, conhece o homem dos seus sonhos: Ryle. Um neurocirurgi\u00e3o. Bonito. Inteligente. Perfeito. Todas as pe\u00e7as come\u00e7am a encaixar-se.<\/p>\n<p>Mas Ryle tem um segredo. Um passado que n\u00e3o conta a ningu\u00e9m, nem mesmo a Lily. Existe dentro dele um turbilh\u00e3o que faz Lily recordar-se do seu pai e das coisas que este fazia \u00e0 sua m\u00e3e, mascaradas de amor, e sucedidas por pedidos de desculpa.<\/p>\n<p>Ser\u00e1 Lily capaz de perceber os sinais antes que seja demasiado tarde? Ter\u00e1 for\u00e7a para interromper o ciclo?<\/p>\n","protected":false},"featured_media":4588,"template":"","meta":{"_monsterinsights_skip_tracking":false,"_monsterinsights_sitenote_active":false,"_monsterinsights_sitenote_note":"","_monsterinsights_sitenote_category":0},"product_cat":[103,105],"product_tag":[],"class_list":{"0":"post-4587","1":"product","2":"type-product","3":"status-publish","4":"has-post-thumbnail","6":"product_cat-literatura","7":"product_cat-romance","8":"pa_book-author-colleen-hoover","10":"first","11":"outofstock","12":"shipping-taxable","13":"purchasable","14":"product-type-simple"},"_links":{"self":[{"href":"https:\/\/mabuko.co.mz\/site\/index.php?rest_route=\/wp\/v2\/product\/4587","targetHints":{"allow":["GET"]}}],"collection":[{"href":"https:\/\/mabuko.co.mz\/site\/index.php?rest_route=\/wp\/v2\/product"}],"about":[{"href":"https:\/\/mabuko.co.mz\/site\/index.php?rest_route=\/wp\/v2\/types\/product"}],"wp:featuredmedia":[{"embeddable":true,"href":"https:\/\/mabuko.co.mz\/site\/index.php?rest_route=\/wp\/v2\/media\/4588"}],"wp:attachment":[{"href":"https:\/\/mabuko.co.mz\/site\/index.php?rest_route=%2Fwp%2Fv2%2Fmedia&parent=4587"}],"wp:term":[{"taxonomy":"product_cat","embeddable":true,"href":"https:\/\/mabuko.co.mz\/site\/index.php?rest_route=%2Fwp%2Fv2%2Fproduct_cat&post=4587"},{"taxonomy":"product_tag","embeddable":true,"href":"https:\/\/mabuko.co.mz\/site\/index.php?rest_route=%2Fwp%2Fv2%2Fproduct_tag&post=4587"}],"curies":[{"name":"wp","href":"https:\/\/api.w.org\/{rel}","templated":true}]}}