{"id":4584,"date":"2022-06-29T09:45:23","date_gmt":"2022-06-29T09:45:23","guid":{"rendered":"https:\/\/mabuko.co.mz\/?post_type=product&#038;p=4584"},"modified":"2022-12-22T12:34:45","modified_gmt":"2022-12-22T12:34:45","slug":"a-rapariga-que-desapareceu","status":"publish","type":"product","link":"https:\/\/mabuko.co.mz\/site\/?product=a-rapariga-que-desapareceu","title":{"rendered":"A RAPARIGA QUE DESAPARECEU"},"content":{"rendered":"<p>Leslie Wolfe<\/p>\n<p>9789899054783<\/p>\n","protected":false},"excerpt":{"rendered":"<div id=\"productPageSectionAboutBook-sinopseTitle\" class=\"right-title\"><strong>SINOPSE<\/strong><\/div>\n<div id=\"productPageSectionAboutBook-sinopse\" class=\"right-text\">\n<p>A sua filha&#8230; onde se encontrava a sua filha&#8230;? P\u00e2nico. Sil\u00eancio terr\u00edvel.<\/p>\n<p>O \u00fanico som que ouvia era o do pr\u00f3prio cora\u00e7\u00e3o, a bater freneticamente contra o peito. Saiu a correr da sala e deteve-se bruscamente no cimo da escada enquanto olhava em volta, para todos os lados. Ficou atordoada, o sangue gelou-se-lhe. Estava desesperada. A sua filha?&#8230; algu\u00e9m a tinha levado.<br \/>\nDepois do desaparecimento de uma menina de apenas oito anos, a agente especial do FBI Tess Winnett foi chamada ao local para investigar um dos raptos mais sinistros que alguma vez lhe passara pelas m\u00e3os.<br \/>\nComo fora poss\u00edvel desaparecer uma crian\u00e7a \u00e0 vista de tanta gente?<\/p>\n<p>Ao iniciar a investiga\u00e7\u00e3o, as pistas surgem a conta-gotas. Entretanto, os pais da menina s\u00e3o confrontados com um pedido de resgate de soma avultada. As primeiras vinte e quatro horas s\u00e3o cr\u00edticas. A cada momento, o enredo entrela\u00e7a-se mais.<br \/>\nDesesperada por respostas e dolorosamente ciente de cada minuto que passa, Tess tem de fazer uma escolha: confiar no instinto e seguir as pistas que parecem indicar uma liga\u00e7\u00e3o com o crime organizado\u2026 ou ceder \u00e0s exig\u00eancias dos raptores e ao desespero dos pais e viabilizar o pagamento do resgate.<br \/>\nAs hip\u00f3teses de encontrar Paige com vida diminuem a cada segundo. Fazer a escolha errada selar\u00e1 o seu destino.<\/p>\n<\/div>\n","protected":false},"featured_media":4586,"template":"","meta":{"_monsterinsights_skip_tracking":false,"_monsterinsights_sitenote_active":false,"_monsterinsights_sitenote_note":"","_monsterinsights_sitenote_category":0},"product_cat":[103],"product_tag":[],"class_list":{"0":"post-4584","1":"product","2":"type-product","3":"status-publish","4":"has-post-thumbnail","6":"product_cat-literatura","7":"pa_book-author-leslie-wolfe","9":"first","10":"instock","11":"shipping-taxable","12":"purchasable","13":"product-type-simple"},"_links":{"self":[{"href":"https:\/\/mabuko.co.mz\/site\/index.php?rest_route=\/wp\/v2\/product\/4584","targetHints":{"allow":["GET"]}}],"collection":[{"href":"https:\/\/mabuko.co.mz\/site\/index.php?rest_route=\/wp\/v2\/product"}],"about":[{"href":"https:\/\/mabuko.co.mz\/site\/index.php?rest_route=\/wp\/v2\/types\/product"}],"wp:featuredmedia":[{"embeddable":true,"href":"https:\/\/mabuko.co.mz\/site\/index.php?rest_route=\/wp\/v2\/media\/4586"}],"wp:attachment":[{"href":"https:\/\/mabuko.co.mz\/site\/index.php?rest_route=%2Fwp%2Fv2%2Fmedia&parent=4584"}],"wp:term":[{"taxonomy":"product_cat","embeddable":true,"href":"https:\/\/mabuko.co.mz\/site\/index.php?rest_route=%2Fwp%2Fv2%2Fproduct_cat&post=4584"},{"taxonomy":"product_tag","embeddable":true,"href":"https:\/\/mabuko.co.mz\/site\/index.php?rest_route=%2Fwp%2Fv2%2Fproduct_tag&post=4584"}],"curies":[{"name":"wp","href":"https:\/\/api.w.org\/{rel}","templated":true}]}}