{"id":4581,"date":"2022-06-29T09:21:38","date_gmt":"2022-06-29T09:21:38","guid":{"rendered":"https:\/\/mabuko.co.mz\/?post_type=product&#038;p=4581"},"modified":"2022-12-22T12:36:39","modified_gmt":"2022-12-22T12:36:39","slug":"o-homem-que-sabe-pensar","status":"publish","type":"product","link":"https:\/\/mabuko.co.mz\/site\/?product=o-homem-que-sabe-pensar","title":{"rendered":"O HOMEM QUE SABE PENSAR"},"content":{"rendered":"<p>James Allen<\/p>\n<p>9789899970502<\/p>\n","protected":false},"excerpt":{"rendered":"<div id=\"productPageSectionAboutBook-sinopseTitle\" class=\"right-title\"><strong>SINOPSE<\/strong><\/div>\n<div id=\"productPageSectionAboutBook-sinopse\" class=\"right-text\">\n<p>Aquele que cultiva um verdadeiro ideal no seu cora\u00e7\u00e3o ir\u00e1, um dia, realiz\u00e1-lo. O Homem que Sabe Pensar \u00e9 um cl\u00e1ssico intemporal que tem inspirado milhares de leitores em todo o mundo, influenciado pensadores, fil\u00f3sofos e te\u00f3logos ao longo de d\u00e9cadas e d\u00e9cadas, e, desde que foi publicado, tem sido citado e elogiado vezes sem conta por autores das mais diversas \u00e1reas. Carregado de conselhos pr\u00e1ticos, conduz-nos directamente para aquilo que \u00e9 importante, sem perder tempo com discursos desnecess\u00e1rios. \u00c9 simples, verdadeiro, profundo, e toca instantaneamente o cora\u00e7\u00e3o dos leitores. Mostra-nos que a nossa mente guia os nossos passos ao longo do caminho da vida e que aquilo que pensamos influencia directamente a nossa vida, algo que, muitas vezes, subestimamos. Mas como devemos come\u00e7ar e onde \u00e9 que podemos procurar? Como \u00e9 que alcan\u00e7amos a clareza de mente necess\u00e1ria para nos trazer a ilumina\u00e7\u00e3o e a felicidade?<\/p>\n<p>Neste livro, James Allen oferece respostas claras a estas perguntas. O Homem que Sabe Pensar \u00e9 um livro extremamente bem escrito, l\u00facido, belo e comovente, que respira o puro ar da verdadeira espiritualidade. \u00c9 uma fonte de inspira\u00e7\u00e3o para todos aqueles que o leem de esp\u00edrito aberto e toca profundamente a alma de cada um. Os nossos pensamentos s\u00e3o a semente de tudo o que acontece nas nossas vidas. Tornamo-nos naquilo que pensamos. A partir daqui, a escolha depende de n\u00f3s: ou decidimos ser donos e senhores do nosso pensamento e criamos a vida que queremos, ou permanecemos focados na negatividade, na frustra\u00e7\u00e3o e no fracasso.<\/p>\n<\/div>\n","protected":false},"featured_media":4583,"template":"","meta":{"_monsterinsights_skip_tracking":false,"_monsterinsights_sitenote_active":false,"_monsterinsights_sitenote_note":"","_monsterinsights_sitenote_category":0},"product_cat":[108,233],"product_tag":[],"class_list":{"0":"post-4581","1":"product","2":"type-product","3":"status-publish","4":"has-post-thumbnail","6":"product_cat-auto-ajuda","7":"product_cat-livros-praticos","8":"pa_book-author-james-allen","10":"first","11":"outofstock","12":"shipping-taxable","13":"purchasable","14":"product-type-simple"},"_links":{"self":[{"href":"https:\/\/mabuko.co.mz\/site\/index.php?rest_route=\/wp\/v2\/product\/4581","targetHints":{"allow":["GET"]}}],"collection":[{"href":"https:\/\/mabuko.co.mz\/site\/index.php?rest_route=\/wp\/v2\/product"}],"about":[{"href":"https:\/\/mabuko.co.mz\/site\/index.php?rest_route=\/wp\/v2\/types\/product"}],"wp:featuredmedia":[{"embeddable":true,"href":"https:\/\/mabuko.co.mz\/site\/index.php?rest_route=\/wp\/v2\/media\/4583"}],"wp:attachment":[{"href":"https:\/\/mabuko.co.mz\/site\/index.php?rest_route=%2Fwp%2Fv2%2Fmedia&parent=4581"}],"wp:term":[{"taxonomy":"product_cat","embeddable":true,"href":"https:\/\/mabuko.co.mz\/site\/index.php?rest_route=%2Fwp%2Fv2%2Fproduct_cat&post=4581"},{"taxonomy":"product_tag","embeddable":true,"href":"https:\/\/mabuko.co.mz\/site\/index.php?rest_route=%2Fwp%2Fv2%2Fproduct_tag&post=4581"}],"curies":[{"name":"wp","href":"https:\/\/api.w.org\/{rel}","templated":true}]}}