{"id":4576,"date":"2022-06-29T09:06:13","date_gmt":"2022-06-29T09:06:13","guid":{"rendered":"https:\/\/mabuko.co.mz\/?post_type=product&#038;p=4576"},"modified":"2022-12-22T12:49:54","modified_gmt":"2022-12-22T12:49:54","slug":"a-rapariga-que-sobreviveu","status":"publish","type":"product","link":"https:\/\/mabuko.co.mz\/site\/?product=a-rapariga-que-sobreviveu","title":{"rendered":"A RAPARIGA QUE SOBREVIVEU"},"content":{"rendered":"<p>Leslie Wolfe<\/p>\n<p>9789898999115<\/p>\n","protected":false},"excerpt":{"rendered":"<div id=\"productPageSectionAboutBook-sinopseTitle\" class=\"right-title\"><strong>SINOPSE<\/strong><\/div>\n<div id=\"productPageSectionAboutBook-sinopse\" class=\"right-text\">\n<p>Laura testemunhou a morte da fam\u00edlia, mas o choque apagou-lhe da mem\u00f3ria tudo o que aconteceu nessa fat\u00eddica noite. O assassino pode ser qualquer pessoa. Enquanto a pol\u00edcia procura que ela se recorde do que sucedeu, o homicida vai tentar matar a \u00fanica testemunha viva do crime: ela.<\/p>\n<p>Por puro instinto de sobreviv\u00eancia, a menina de cinco anos escondeu- se at\u00e9 que os gritos acabassem. A seguir, um sil\u00eancio mortal invadiu a casa. Isto foi h\u00e1 quinze anos. Durante esse tempo, Laura Watson acreditou que o assassino da fam\u00edlia se encontrava preso, aguardando a execu\u00e7\u00e3o no corredor da morte. Mas, enquanto tenta seguir com a vida junto da fam\u00edlia adoptiva, n\u00e3o consegue libertar-se do medo e da incerteza de um dia se lembrar do que ocorreu. Quando uma aclamada psic\u00f3loga prop\u00f5e a Laura ajud\u00e1-la a recuperar as lembran\u00e7as, ela aceita, ansiosa por lan\u00e7ar alguma luz sobre o seu passado adormecido.<\/p>\n<p>O que n\u00e3o sabe \u00e9 que, quanto mais mergulha nas mem\u00f3rias, mais se torna um alvo para o assassino, que est\u00e1 \u00e0 solta e n\u00e3o pode permitir que a verdade seja desvendada.<\/p>\n<\/div>\n","protected":false},"featured_media":4578,"template":"","meta":{"_monsterinsights_skip_tracking":false,"_monsterinsights_sitenote_active":false,"_monsterinsights_sitenote_note":"","_monsterinsights_sitenote_category":0},"product_cat":[103],"product_tag":[],"class_list":{"0":"post-4576","1":"product","2":"type-product","3":"status-publish","4":"has-post-thumbnail","6":"product_cat-literatura","7":"pa_book-author-leslie-wolfe","9":"first","10":"instock","11":"shipping-taxable","12":"purchasable","13":"product-type-simple"},"_links":{"self":[{"href":"https:\/\/mabuko.co.mz\/site\/index.php?rest_route=\/wp\/v2\/product\/4576","targetHints":{"allow":["GET"]}}],"collection":[{"href":"https:\/\/mabuko.co.mz\/site\/index.php?rest_route=\/wp\/v2\/product"}],"about":[{"href":"https:\/\/mabuko.co.mz\/site\/index.php?rest_route=\/wp\/v2\/types\/product"}],"wp:featuredmedia":[{"embeddable":true,"href":"https:\/\/mabuko.co.mz\/site\/index.php?rest_route=\/wp\/v2\/media\/4578"}],"wp:attachment":[{"href":"https:\/\/mabuko.co.mz\/site\/index.php?rest_route=%2Fwp%2Fv2%2Fmedia&parent=4576"}],"wp:term":[{"taxonomy":"product_cat","embeddable":true,"href":"https:\/\/mabuko.co.mz\/site\/index.php?rest_route=%2Fwp%2Fv2%2Fproduct_cat&post=4576"},{"taxonomy":"product_tag","embeddable":true,"href":"https:\/\/mabuko.co.mz\/site\/index.php?rest_route=%2Fwp%2Fv2%2Fproduct_tag&post=4576"}],"curies":[{"name":"wp","href":"https:\/\/api.w.org\/{rel}","templated":true}]}}