{"id":4566,"date":"2022-06-29T08:35:52","date_gmt":"2022-06-29T08:35:52","guid":{"rendered":"https:\/\/mabuko.co.mz\/?post_type=product&#038;p=4566"},"modified":"2022-12-22T13:16:28","modified_gmt":"2022-12-22T13:16:28","slug":"escrito-na-agua","status":"publish","type":"product","link":"https:\/\/mabuko.co.mz\/site\/?product=escrito-na-agua","title":{"rendered":"ESCRITO NA \u00c1GUA"},"content":{"rendered":"<p>Paula Hawkins<\/p>\n<p>9789898800886<\/p>\n","protected":false},"excerpt":{"rendered":"<div id=\"productPageSectionAboutBook-sinopseTitle\" class=\"right-title\"><strong>SINOPSE<\/strong><\/div>\n<div id=\"productPageSectionAboutBook-sinopse\" class=\"right-text\">\n<p>Um thriller intenso, da autora do bestseller mundial\u00a0<i>A Rapariga no Comboio<\/i><\/p>\n<p>CUIDADO COM AS \u00c1GUAS CALMAS. N\u00c3O SABEMOS O QUE ESCONDEM NO FUNDO.<\/p>\n<p><b>Nel vivia obcecada com as mortes no rio.<\/b>\u00a0O rio que atravessava aquela vila j\u00e1 levara a vida a demasiadas mulheres ao longo dos tempos, incluindo, recentemente, a melhor amiga da sua filha. Desde ent\u00e3o, Nel vivia ainda mais determinada a encontrar respostas.<\/p>\n<p><b>Agora, \u00e9 ela que aparece morta.<\/b>\u00a0Sem vest\u00edgios de crime, tudo aponta para que Nel se tenha suicidado no rio. Mas poucos dias antes da sua morte, ela deixara uma mensagem \u00e0 irm\u00e3, Jules, num tom de voz urgente e assustado. Estaria Nel a temer pela sua vida?<\/p>\n<p><b>Que segredos escondem aquelas \u00e1guas?<\/b>\u00a0Para descobrir a verdade, Jules ver-se-\u00e1 for\u00e7ada a enfrentar recorda\u00e7\u00f5es e medos terr\u00edveis h\u00e1 muito submersos naquele rio de \u00e1guas calmas, que a morte da irm\u00e3 vem trazer \u00e0 superf\u00edcie.<br \/>\nUm livro profundamente original e surpreendente sobre as formas devastadoras que o passado encontra para voltar a assombrar-nos no presente. Paula Hawkins confirma, de forma triunfal, a sua mestria no entendimento dos instintos humanos, numa hist\u00f3ria com tanta ou maior intensidade do que\u00a0<i>A Rapariga no Comboio<\/i>.<\/p>\n<\/div>\n","protected":false},"featured_media":4567,"template":"","meta":{"_monsterinsights_skip_tracking":false,"_monsterinsights_sitenote_active":false,"_monsterinsights_sitenote_note":"","_monsterinsights_sitenote_category":0},"product_cat":[103,105],"product_tag":[],"class_list":{"0":"post-4566","1":"product","2":"type-product","3":"status-publish","4":"has-post-thumbnail","6":"product_cat-literatura","7":"product_cat-romance","8":"pa_book-author-paula-hawkins","10":"first","11":"outofstock","12":"shipping-taxable","13":"purchasable","14":"product-type-simple"},"_links":{"self":[{"href":"https:\/\/mabuko.co.mz\/site\/index.php?rest_route=\/wp\/v2\/product\/4566","targetHints":{"allow":["GET"]}}],"collection":[{"href":"https:\/\/mabuko.co.mz\/site\/index.php?rest_route=\/wp\/v2\/product"}],"about":[{"href":"https:\/\/mabuko.co.mz\/site\/index.php?rest_route=\/wp\/v2\/types\/product"}],"wp:featuredmedia":[{"embeddable":true,"href":"https:\/\/mabuko.co.mz\/site\/index.php?rest_route=\/wp\/v2\/media\/4567"}],"wp:attachment":[{"href":"https:\/\/mabuko.co.mz\/site\/index.php?rest_route=%2Fwp%2Fv2%2Fmedia&parent=4566"}],"wp:term":[{"taxonomy":"product_cat","embeddable":true,"href":"https:\/\/mabuko.co.mz\/site\/index.php?rest_route=%2Fwp%2Fv2%2Fproduct_cat&post=4566"},{"taxonomy":"product_tag","embeddable":true,"href":"https:\/\/mabuko.co.mz\/site\/index.php?rest_route=%2Fwp%2Fv2%2Fproduct_tag&post=4566"}],"curies":[{"name":"wp","href":"https:\/\/api.w.org\/{rel}","templated":true}]}}