{"id":4564,"date":"2022-06-29T08:23:45","date_gmt":"2022-06-29T08:23:45","guid":{"rendered":"https:\/\/mabuko.co.mz\/?post_type=product&#038;p=4564"},"modified":"2022-12-22T13:17:39","modified_gmt":"2022-12-22T13:17:39","slug":"p-s-ainda-te-amo","status":"publish","type":"product","link":"https:\/\/mabuko.co.mz\/site\/?product=p-s-ainda-te-amo","title":{"rendered":"P.S AINDA TE AMO"},"content":{"rendered":"<p>Jenny Han<\/p>\n<p>9789898800770<\/p>\n","protected":false},"excerpt":{"rendered":"<div id=\"productPageSectionAboutBook-sinopseTitle\" class=\"right-title\"><strong>SINOPSE<\/strong><\/div>\n<div id=\"productPageSectionAboutBook-sinopse\" class=\"right-text\">\n<p>Ele \u00e9 o \u00fanico homem que a fez sentir-se viva.<br \/>\nMas tamb\u00e9m \u00e9 aquele que a poder\u00e1 destruir.<br \/>\nLara Jean sempre teve uma vida amorosa muito atribulada, pelo menos na sua imagina\u00e7\u00e3o. Ela jamais imaginou que as cartas que escreveu a despedir-se dos rapazes por quem se apaixonou, mas a quem nunca teve coragem de confessar o seu amor, chegassem \u00e0s m\u00e3os dos seus destinat\u00e1rios. E por causa disso meteu-se numa grande confus\u00e3o. Para escapar \u00e0 vergonha, come\u00e7ou um namoro a fingir com o Peter Kavinsky.<br \/>\nLara nunca esperou apaixonar-se a s\u00e9rio pelo Peter. E por isso est\u00e1 mais confusa do que nunca.<br \/>\nAgora, ela ter\u00e1 de aprender a estar num relacionamento que, pela primeira vez, n\u00e3o \u00e9 a fingir. Por\u00e9m, quando um outro rapaz do seu passado reaparece na sua vida, Lara percebe que tamb\u00e9m nutre por ele sentimentos mais profundos. Ser\u00e1 poss\u00edvel uma rapariga estar apaixonada por dois rapazes ao mesmo tempo?<br \/>\nUma hist\u00f3ria dedicada e encantadora, que nos mostra que o amor n\u00e3o \u00e9 f\u00e1cil, mas que \u00e9 por isso mesmo que \u00e9 t\u00e3o fascinante apaixonarmo-nos.<\/p>\n<\/div>\n","protected":false},"featured_media":4565,"template":"","meta":{"_monsterinsights_skip_tracking":false,"_monsterinsights_sitenote_active":false,"_monsterinsights_sitenote_note":"","_monsterinsights_sitenote_category":0},"product_cat":[103,105],"product_tag":[],"class_list":{"0":"post-4564","1":"product","2":"type-product","3":"status-publish","4":"has-post-thumbnail","6":"product_cat-literatura","7":"product_cat-romance","8":"pa_book-author-jenny-han","10":"first","11":"instock","12":"shipping-taxable","13":"purchasable","14":"product-type-simple"},"_links":{"self":[{"href":"https:\/\/mabuko.co.mz\/site\/index.php?rest_route=\/wp\/v2\/product\/4564","targetHints":{"allow":["GET"]}}],"collection":[{"href":"https:\/\/mabuko.co.mz\/site\/index.php?rest_route=\/wp\/v2\/product"}],"about":[{"href":"https:\/\/mabuko.co.mz\/site\/index.php?rest_route=\/wp\/v2\/types\/product"}],"wp:featuredmedia":[{"embeddable":true,"href":"https:\/\/mabuko.co.mz\/site\/index.php?rest_route=\/wp\/v2\/media\/4565"}],"wp:attachment":[{"href":"https:\/\/mabuko.co.mz\/site\/index.php?rest_route=%2Fwp%2Fv2%2Fmedia&parent=4564"}],"wp:term":[{"taxonomy":"product_cat","embeddable":true,"href":"https:\/\/mabuko.co.mz\/site\/index.php?rest_route=%2Fwp%2Fv2%2Fproduct_cat&post=4564"},{"taxonomy":"product_tag","embeddable":true,"href":"https:\/\/mabuko.co.mz\/site\/index.php?rest_route=%2Fwp%2Fv2%2Fproduct_tag&post=4564"}],"curies":[{"name":"wp","href":"https:\/\/api.w.org\/{rel}","templated":true}]}}