{"id":4554,"date":"2022-06-29T07:52:54","date_gmt":"2022-06-29T07:52:54","guid":{"rendered":"https:\/\/mabuko.co.mz\/?post_type=product&#038;p=4554"},"modified":"2022-12-22T13:24:13","modified_gmt":"2022-12-22T13:24:13","slug":"a-arte-da-guerra","status":"publish","type":"product","link":"https:\/\/mabuko.co.mz\/site\/?product=a-arte-da-guerra","title":{"rendered":"A ARTE  DA GUERRA"},"content":{"rendered":"<p>Sun Tzu<\/p>\n<p>9789898878120<\/p>\n","protected":false},"excerpt":{"rendered":"<div id=\"productPageSectionAboutBook-sinopseTitle\" class=\"right-title\"><strong>SINOPSE<\/strong><\/div>\n<div id=\"productPageSectionAboutBook-sinopse\" class=\"right-text\">\n<p>Uma das obras mais penetrantes do pensamento ancestral chin\u00eas,\u00a0<i>A Arte da Guerra<\/i>\u00a0que data provavelmente do Per\u00edodo dos Reinos Combatentes no s\u00e9culo IV A.C. constitui n\u00e3o s\u00f3 um tratado de estrat\u00e9gia militar, mas igualmente uma li\u00e7\u00e3o de sabedoria, uma arte de viver e uma filosofia da exist\u00eancia.<\/p>\n<p>A sua actualidade mant\u00e9m-se viva e os ensinamentos de Sun Tzu continuam a influenciar as estrat\u00e9gias de sucesso em todos os sectores do mundo contempor\u00e2neo.<\/p>\n<p>A presente tradu\u00e7\u00e3o \u00e9 o resultado da compara\u00e7\u00e3o das vers\u00f5es apresentadas nas l\u00ednguas inglesa e francesa, em confronto com o pr\u00f3prio texto chin\u00eas.<\/p>\n<p>O seu autor, Lu\u00eds Serr\u00e3o, \u00e9 licenciado em Filosofia pela Faculdade de Letras da Universidade Cl\u00e1ssica de Lisboa, e tem exercido actividades no dom\u00ednio do ensino, da edi\u00e7\u00e3o e da tradu\u00e7\u00e3o.<\/p>\n<\/div>\n","protected":false},"featured_media":4557,"template":"","meta":{"_monsterinsights_skip_tracking":false,"_monsterinsights_sitenote_active":false,"_monsterinsights_sitenote_note":"","_monsterinsights_sitenote_category":0},"product_cat":[102],"product_tag":[],"class_list":{"0":"post-4554","1":"product","2":"type-product","3":"status-publish","4":"has-post-thumbnail","6":"product_cat-livros-tecnicos","7":"pa_book-author-sun-tzu","9":"first","10":"outofstock","11":"shipping-taxable","12":"purchasable","13":"product-type-simple"},"_links":{"self":[{"href":"https:\/\/mabuko.co.mz\/site\/index.php?rest_route=\/wp\/v2\/product\/4554","targetHints":{"allow":["GET"]}}],"collection":[{"href":"https:\/\/mabuko.co.mz\/site\/index.php?rest_route=\/wp\/v2\/product"}],"about":[{"href":"https:\/\/mabuko.co.mz\/site\/index.php?rest_route=\/wp\/v2\/types\/product"}],"wp:featuredmedia":[{"embeddable":true,"href":"https:\/\/mabuko.co.mz\/site\/index.php?rest_route=\/wp\/v2\/media\/4557"}],"wp:attachment":[{"href":"https:\/\/mabuko.co.mz\/site\/index.php?rest_route=%2Fwp%2Fv2%2Fmedia&parent=4554"}],"wp:term":[{"taxonomy":"product_cat","embeddable":true,"href":"https:\/\/mabuko.co.mz\/site\/index.php?rest_route=%2Fwp%2Fv2%2Fproduct_cat&post=4554"},{"taxonomy":"product_tag","embeddable":true,"href":"https:\/\/mabuko.co.mz\/site\/index.php?rest_route=%2Fwp%2Fv2%2Fproduct_tag&post=4554"}],"curies":[{"name":"wp","href":"https:\/\/api.w.org\/{rel}","templated":true}]}}