{"id":4551,"date":"2022-06-29T07:42:18","date_gmt":"2022-06-29T07:42:18","guid":{"rendered":"https:\/\/mabuko.co.mz\/?post_type=product&#038;p=4551"},"modified":"2022-12-22T13:38:16","modified_gmt":"2022-12-22T13:38:16","slug":"agora-e-para-sempre","status":"publish","type":"product","link":"https:\/\/mabuko.co.mz\/site\/?product=agora-e-para-sempre","title":{"rendered":"AGORA E PARA SEMPRE"},"content":{"rendered":"<p>Jenny Han<\/p>\n<p>9789898869654<\/p>\n","protected":false},"excerpt":{"rendered":"<div id=\"productPageSectionAboutBook-sinopseTitle\" class=\"right-title\"><strong>SINOPSE<\/strong><\/div>\n<div id=\"productPageSectionAboutBook-sinopse\" class=\"right-text\">\n<p>Finalista do Goodreads Choice Awards<br \/>\nMelhor Romance Young Adult<\/p>\n<p>Lara Jean atravessa um dos momentos mais emocionantes da sua vida. O namoro com Peter est\u00e1 cada vez mais intenso, o baile de finalistas est\u00e1 \u00e0 porta, o pai vai voltar a casar e a sua irm\u00e3 mais velha, Margot, vem passar o ver\u00e3o a casa.<\/p>\n<p>Ainda assim, apesar de tanta coisa estar a acontecer ao mesmo tempo, chegou o momento de escolher uma universidade\u2026 e Lara s\u00f3 pensa em frequentar a melhor!<\/p>\n<p>S\u00f3 que entre organizar o casamento do pai e os preparativos para o baile de finalistas, o tempo escasseia e Lara sente-se algo perdida. Dever\u00e1 deixar a fam\u00edlia e o seu grande amor para tr\u00e1s ou apostar tudo no seu futuro?<br \/>\nQuando o cora\u00e7\u00e3o e a raz\u00e3o nos indicam dire\u00e7\u00f5es diferentes, qual dos dois devemos seguir?<\/p>\n<p>O final emocionante da trilogia A Todos os Rapazes que Amei<\/p>\n<\/div>\n","protected":false},"featured_media":4552,"template":"","meta":{"_monsterinsights_skip_tracking":false,"_monsterinsights_sitenote_active":false,"_monsterinsights_sitenote_note":"","_monsterinsights_sitenote_category":0},"product_cat":[103,105],"product_tag":[],"class_list":{"0":"post-4551","1":"product","2":"type-product","3":"status-publish","4":"has-post-thumbnail","6":"product_cat-literatura","7":"product_cat-romance","8":"pa_book-author-jenny-han","10":"first","11":"instock","12":"shipping-taxable","13":"purchasable","14":"product-type-simple"},"_links":{"self":[{"href":"https:\/\/mabuko.co.mz\/site\/index.php?rest_route=\/wp\/v2\/product\/4551","targetHints":{"allow":["GET"]}}],"collection":[{"href":"https:\/\/mabuko.co.mz\/site\/index.php?rest_route=\/wp\/v2\/product"}],"about":[{"href":"https:\/\/mabuko.co.mz\/site\/index.php?rest_route=\/wp\/v2\/types\/product"}],"wp:featuredmedia":[{"embeddable":true,"href":"https:\/\/mabuko.co.mz\/site\/index.php?rest_route=\/wp\/v2\/media\/4552"}],"wp:attachment":[{"href":"https:\/\/mabuko.co.mz\/site\/index.php?rest_route=%2Fwp%2Fv2%2Fmedia&parent=4551"}],"wp:term":[{"taxonomy":"product_cat","embeddable":true,"href":"https:\/\/mabuko.co.mz\/site\/index.php?rest_route=%2Fwp%2Fv2%2Fproduct_cat&post=4551"},{"taxonomy":"product_tag","embeddable":true,"href":"https:\/\/mabuko.co.mz\/site\/index.php?rest_route=%2Fwp%2Fv2%2Fproduct_tag&post=4551"}],"curies":[{"name":"wp","href":"https:\/\/api.w.org\/{rel}","templated":true}]}}