{"id":4548,"date":"2022-06-29T07:35:24","date_gmt":"2022-06-29T07:35:24","guid":{"rendered":"https:\/\/mabuko.co.mz\/?post_type=product&#038;p=4548"},"modified":"2022-12-22T13:47:29","modified_gmt":"2022-12-22T13:47:29","slug":"eu-adoro-a-minha-avo","status":"publish","type":"product","link":"https:\/\/mabuko.co.mz\/site\/?product=eu-adoro-a-minha-avo","title":{"rendered":"EU ADORO A MINHA AV\u00d3"},"content":{"rendered":"<p>Giles Andreae<\/p>\n<p>9789898849113<\/p>\n","protected":false},"excerpt":{"rendered":"<div id=\"productPageSectionAboutBook-sinopseTitle\" class=\"right-title\"><strong>SINOPSE<\/strong><\/div>\n<div id=\"productPageSectionAboutBook-sinopse\" class=\"right-text\">\n<p>\u00abAdoro a minha av\u00f3. Sou feliz assim. E sei que ela tamb\u00e9m gosta muito de mim!\u00bb Este \u00e9 um livro muito especial, que descreve os momentos de ternura vividos entre uma av\u00f3 e o seu neto.<\/p>\n<p>Av\u00f3s e netos v\u00e3o identificar-se em todas as p\u00e1ginas e rever-se nesta leitura imperd\u00edvel\u00a0, repleta de do\u00e7ura. Os momentos no parque, as viagens de autocarro ou comboio, os jogos divertidos, os mimos e os doces. A prova de que o relacionamento entre av\u00f3s e netos \u00e9, sem d\u00favida, de grande import\u00e2ncia no crescimento e desenvolvimento de qualquer crian\u00e7a, deixando marcas de amor para toda a vida.<\/p>\n<p>Com textos simples e em rima, e ilustra\u00e7\u00f5es encantadoras, Eu Adoro a Minha Av\u00f3 \u00e9 a leitura ideal para partilhar, ler e reler em qualquer momento. M\u00e1gico e inesquec\u00edvel!<\/p>\n<\/div>\n","protected":false},"featured_media":4550,"template":"","meta":{"_monsterinsights_skip_tracking":false,"_monsterinsights_sitenote_active":false,"_monsterinsights_sitenote_note":"","_monsterinsights_sitenote_category":0},"product_cat":[103],"product_tag":[],"class_list":{"0":"post-4548","1":"product","2":"type-product","3":"status-publish","4":"has-post-thumbnail","6":"product_cat-literatura","7":"pa_book-author-giles-andreae","9":"first","10":"outofstock","11":"shipping-taxable","12":"purchasable","13":"product-type-simple"},"_links":{"self":[{"href":"https:\/\/mabuko.co.mz\/site\/index.php?rest_route=\/wp\/v2\/product\/4548","targetHints":{"allow":["GET"]}}],"collection":[{"href":"https:\/\/mabuko.co.mz\/site\/index.php?rest_route=\/wp\/v2\/product"}],"about":[{"href":"https:\/\/mabuko.co.mz\/site\/index.php?rest_route=\/wp\/v2\/types\/product"}],"wp:featuredmedia":[{"embeddable":true,"href":"https:\/\/mabuko.co.mz\/site\/index.php?rest_route=\/wp\/v2\/media\/4550"}],"wp:attachment":[{"href":"https:\/\/mabuko.co.mz\/site\/index.php?rest_route=%2Fwp%2Fv2%2Fmedia&parent=4548"}],"wp:term":[{"taxonomy":"product_cat","embeddable":true,"href":"https:\/\/mabuko.co.mz\/site\/index.php?rest_route=%2Fwp%2Fv2%2Fproduct_cat&post=4548"},{"taxonomy":"product_tag","embeddable":true,"href":"https:\/\/mabuko.co.mz\/site\/index.php?rest_route=%2Fwp%2Fv2%2Fproduct_tag&post=4548"}],"curies":[{"name":"wp","href":"https:\/\/api.w.org\/{rel}","templated":true}]}}