{"id":4546,"date":"2022-06-29T07:26:20","date_gmt":"2022-06-29T07:26:20","guid":{"rendered":"https:\/\/mabuko.co.mz\/?post_type=product&#038;p=4546"},"modified":"2022-12-22T13:56:04","modified_gmt":"2022-12-22T13:56:04","slug":"o-diario-de-um-banana-tudo-ou-nada","status":"publish","type":"product","link":"https:\/\/mabuko.co.mz\/site\/?product=o-diario-de-um-banana-tudo-ou-nada","title":{"rendered":"O DI\u00c1RIO DE UM BANANA Tudo ou nada"},"content":{"rendered":"<p>Jeff Kinney<\/p>\n<p>9789898849007<\/p>\n","protected":false},"excerpt":{"rendered":"<div id=\"productPageSectionAboutBook-sinopseTitle\" class=\"right-title\"><strong>SINOPSE<\/strong><\/div>\n<div id=\"productPageSectionAboutBook-sinopse\" class=\"right-text\">\n<p>O Greg Heffley est\u00e1 sob uma press\u00e3o enorme. A \u00fanica coisa em que ele parece ser realmente bom \u00e9 em videojogos, mas a m\u00e3e quer que ele alargue os seus horizontes e fa\u00e7a mais alguma coisa &#8211; QUALQUER coisa! Quando o Greg encontra uma velha c\u00e2mara de filmar, perdida na cave l\u00e1 de casa, ele tem a certeza de que descobriu a forma ideal de, finalmente, mostrar a todos os seus grandes talentos escondidos. Com a ajuda do Rowley, o seu melhor amigo, o Greg inventa um plano para fazer um filme de terror e assim se tornar rico e famoso. Mas ser\u00e1 que apostar apenas no filme \u00e9 mesmo um plano inteligente ou ser\u00e1 que os problemas do Greg v\u00e3o aumentar ainda mais? De uma coisa podes ter a certeza: n\u00e3o h\u00e1 espa\u00e7o para meio termo\u2026 \u00e9 TUDO OU NADA!<\/p>\n<\/div>\n","protected":false},"featured_media":4547,"template":"","meta":{"_monsterinsights_skip_tracking":false,"_monsterinsights_sitenote_active":false,"_monsterinsights_sitenote_note":"","_monsterinsights_sitenote_category":0},"product_cat":[135],"product_tag":[],"class_list":{"0":"post-4546","1":"product","2":"type-product","3":"status-publish","4":"has-post-thumbnail","6":"product_cat-infantil","7":"pa_book-author-jeff-kinney","9":"first","10":"instock","11":"shipping-taxable","12":"purchasable","13":"product-type-simple"},"_links":{"self":[{"href":"https:\/\/mabuko.co.mz\/site\/index.php?rest_route=\/wp\/v2\/product\/4546","targetHints":{"allow":["GET"]}}],"collection":[{"href":"https:\/\/mabuko.co.mz\/site\/index.php?rest_route=\/wp\/v2\/product"}],"about":[{"href":"https:\/\/mabuko.co.mz\/site\/index.php?rest_route=\/wp\/v2\/types\/product"}],"wp:featuredmedia":[{"embeddable":true,"href":"https:\/\/mabuko.co.mz\/site\/index.php?rest_route=\/wp\/v2\/media\/4547"}],"wp:attachment":[{"href":"https:\/\/mabuko.co.mz\/site\/index.php?rest_route=%2Fwp%2Fv2%2Fmedia&parent=4546"}],"wp:term":[{"taxonomy":"product_cat","embeddable":true,"href":"https:\/\/mabuko.co.mz\/site\/index.php?rest_route=%2Fwp%2Fv2%2Fproduct_cat&post=4546"},{"taxonomy":"product_tag","embeddable":true,"href":"https:\/\/mabuko.co.mz\/site\/index.php?rest_route=%2Fwp%2Fv2%2Fproduct_tag&post=4546"}],"curies":[{"name":"wp","href":"https:\/\/api.w.org\/{rel}","templated":true}]}}