{"id":4543,"date":"2022-06-29T07:15:20","date_gmt":"2022-06-29T07:15:20","guid":{"rendered":"https:\/\/mabuko.co.mz\/?post_type=product&#038;p=4543"},"modified":"2022-12-22T13:57:58","modified_gmt":"2022-12-22T13:57:58","slug":"a-arte-de-comunicar-com-sucesso","status":"publish","type":"product","link":"https:\/\/mabuko.co.mz\/site\/?product=a-arte-de-comunicar-com-sucesso","title":{"rendered":"A ARTE DE COMUNICAR COM SUCESSO"},"content":{"rendered":"<p>Dale Carnegie<\/p>\n<p>9789897842146<\/p>\n","protected":false},"excerpt":{"rendered":"<div id=\"productPageSectionAboutBook-sinopseTitle\" class=\"right-title\"><strong>SINOPSE<\/strong><\/div>\n<div id=\"productPageSectionAboutBook-sinopse\" class=\"right-text\">\n<p>Comunicar \u00e9 um dos processos mais vitais do ser humanos e dominar esse processo abre a porta a um mundo de possibilidades. Uma comunica\u00e7\u00e3o eficaz poder\u00e1 fazer a diferen\u00e7a entre o sucesso e o insucesso tanto pessoal como profissional. Saber comunicar pode transformar a sua vida<\/p>\n<\/div>\n","protected":false},"featured_media":4544,"template":"","meta":{"_monsterinsights_skip_tracking":false,"_monsterinsights_sitenote_active":false,"_monsterinsights_sitenote_note":"","_monsterinsights_sitenote_category":0},"product_cat":[108],"product_tag":[],"class_list":{"0":"post-4543","1":"product","2":"type-product","3":"status-publish","4":"has-post-thumbnail","6":"product_cat-auto-ajuda","7":"pa_book-author-dale-carnegie","9":"first","10":"outofstock","11":"shipping-taxable","12":"purchasable","13":"product-type-simple"},"_links":{"self":[{"href":"https:\/\/mabuko.co.mz\/site\/index.php?rest_route=\/wp\/v2\/product\/4543","targetHints":{"allow":["GET"]}}],"collection":[{"href":"https:\/\/mabuko.co.mz\/site\/index.php?rest_route=\/wp\/v2\/product"}],"about":[{"href":"https:\/\/mabuko.co.mz\/site\/index.php?rest_route=\/wp\/v2\/types\/product"}],"wp:featuredmedia":[{"embeddable":true,"href":"https:\/\/mabuko.co.mz\/site\/index.php?rest_route=\/wp\/v2\/media\/4544"}],"wp:attachment":[{"href":"https:\/\/mabuko.co.mz\/site\/index.php?rest_route=%2Fwp%2Fv2%2Fmedia&parent=4543"}],"wp:term":[{"taxonomy":"product_cat","embeddable":true,"href":"https:\/\/mabuko.co.mz\/site\/index.php?rest_route=%2Fwp%2Fv2%2Fproduct_cat&post=4543"},{"taxonomy":"product_tag","embeddable":true,"href":"https:\/\/mabuko.co.mz\/site\/index.php?rest_route=%2Fwp%2Fv2%2Fproduct_tag&post=4543"}],"curies":[{"name":"wp","href":"https:\/\/api.w.org\/{rel}","templated":true}]}}