{"id":4540,"date":"2022-06-28T15:01:32","date_gmt":"2022-06-28T15:01:32","guid":{"rendered":"https:\/\/mabuko.co.mz\/?post_type=product&#038;p=4540"},"modified":"2022-12-22T14:03:52","modified_gmt":"2022-12-22T14:03:52","slug":"o-livro-dos-homens-sem-luz","status":"publish","type":"product","link":"https:\/\/mabuko.co.mz\/site\/?product=o-livro-dos-homens-sem-luz","title":{"rendered":"O LIVRO DOS HOMENS SEM LUZ"},"content":{"rendered":"<p>Jo\u00e3o Tordo<\/p>\n<p>9789897842092<\/p>\n","protected":false},"excerpt":{"rendered":"<div id=\"productPageSectionAboutBook-sinopseTitle\" class=\"right-title\"><strong>SINOPSE<\/strong><\/div>\n<div id=\"productPageSectionAboutBook-sinopse\" class=\"right-text\">\n<p>O cen\u00e1rio \u00e9 uma Londres vibrante, cidade de todas as possibilidades, e onde \u00e9, contudo, f\u00e1cil afundarmo-nos na solid\u00e3o, no descaminho, no escuro. A\u00ed se entretecem hist\u00f3rias enigm\u00e1ticas, a espa\u00e7os claustrof\u00f3bicas, de gente cheia de segredos: um desconhecido com quem o protagonista mant\u00e9m conversas telef\u00f3nicas; um casal que fica soterrado numa casa destru\u00edda durante o blitz; um estudante que sofre de ins\u00f3nias e mergulha num mundo bizarro, sentindo-se amea\u00e7ado pelo vizinho do quarto cont\u00edguo; um m\u00e9dico que constr\u00f3i uma m\u00e1quina de tortura.<\/p>\n<p>O livro dos homens sem luz revisita os cl\u00e1ssicos da literatura de mist\u00e9rio e evidencia ecos de Franz Kafka, Paul Auster ou Edgar Allan Poe, com personagens densas, enredos intrincados e desenlaces inesperados. Neste que foi o seu romance de estreia, Jo\u00e3o Tordo revelava j\u00e1 o fulgor e a solidez que haveriam de o confirmar como um dos mais relevantes escritores do presente.<\/p>\n<p>\u00abNo segundo dia de maio de 1941 recebi uma carta do hospital de Brighton. Escrevia-me uma enfermeira em nome de um homem chamado Robert Burke, m\u00e9dico de profiss\u00e3o, e era um pedido formal para comparecer e discutir a situa\u00e7\u00e3o de um paciente rec\u00e9m-internado. A carta terminava com um estranho pedido: que eu fosse acompanhado da minha fam\u00edlia, sem qualquer justifica\u00e7\u00e3o para tal. Na altura, eu vivia num terceiro andar no Norte de Londres, que partilhava com a minha filha Magda e uma mulher chamada Helena que se encontrava gr\u00e1vida de sete meses de um homem chamado Joseph. Esse homem, que cruzou a minha vida diversas vezes e por caminhos quase sempre obscuros, era sem d\u00favida o paciente referido na carta, e, durante dias, ap\u00f3s receb\u00ea-la, tive de a manter em segredo, apesar do meu desejo de partilhar a novidade com a mulher que eu ent\u00e3o amava.\u00bb<\/p>\n<\/div>\n","protected":false},"featured_media":4542,"template":"","meta":{"_monsterinsights_skip_tracking":false,"_monsterinsights_sitenote_active":false,"_monsterinsights_sitenote_note":"","_monsterinsights_sitenote_category":0},"product_cat":[103,105],"product_tag":[],"class_list":{"0":"post-4540","1":"product","2":"type-product","3":"status-publish","4":"has-post-thumbnail","6":"product_cat-literatura","7":"product_cat-romance","8":"pa_book-author-joao-tordo","10":"first","11":"instock","12":"shipping-taxable","13":"purchasable","14":"product-type-simple"},"_links":{"self":[{"href":"https:\/\/mabuko.co.mz\/site\/index.php?rest_route=\/wp\/v2\/product\/4540","targetHints":{"allow":["GET"]}}],"collection":[{"href":"https:\/\/mabuko.co.mz\/site\/index.php?rest_route=\/wp\/v2\/product"}],"about":[{"href":"https:\/\/mabuko.co.mz\/site\/index.php?rest_route=\/wp\/v2\/types\/product"}],"wp:featuredmedia":[{"embeddable":true,"href":"https:\/\/mabuko.co.mz\/site\/index.php?rest_route=\/wp\/v2\/media\/4542"}],"wp:attachment":[{"href":"https:\/\/mabuko.co.mz\/site\/index.php?rest_route=%2Fwp%2Fv2%2Fmedia&parent=4540"}],"wp:term":[{"taxonomy":"product_cat","embeddable":true,"href":"https:\/\/mabuko.co.mz\/site\/index.php?rest_route=%2Fwp%2Fv2%2Fproduct_cat&post=4540"},{"taxonomy":"product_tag","embeddable":true,"href":"https:\/\/mabuko.co.mz\/site\/index.php?rest_route=%2Fwp%2Fv2%2Fproduct_tag&post=4540"}],"curies":[{"name":"wp","href":"https:\/\/api.w.org\/{rel}","templated":true}]}}