{"id":4534,"date":"2022-06-28T14:47:38","date_gmt":"2022-06-28T14:47:38","guid":{"rendered":"https:\/\/mabuko.co.mz\/?post_type=product&#038;p=4534"},"modified":"2022-12-22T14:40:31","modified_gmt":"2022-12-22T14:40:31","slug":"naufragio","status":"publish","type":"product","link":"https:\/\/mabuko.co.mz\/site\/?product=naufragio","title":{"rendered":"NAUFR\u00c1GIO"},"content":{"rendered":"<p>Jo\u00e3o Tordo<\/p>\n<p>9789897845390<\/p>\n","protected":false},"excerpt":{"rendered":"<div id=\"productPageSectionAboutBook-sinopseTitle\" class=\"right-title\"><strong>SINOPSE<\/strong><\/div>\n<div id=\"productPageSectionAboutBook-sinopse\" class=\"right-text\">\n<p>O novo romance de Jo\u00e3o Tordo conta-nos a hist\u00f3ria de um homem \u00e0 deriva, enredado nos seus fantasmas e obrigado a enfrentar a mais terr\u00edvel das acusa\u00e7\u00f5es.<\/p>\n<p>Aos sessenta anos, o romancista Jaime Toledo enfrenta v\u00e1rios problemas. N\u00e3o escreve h\u00e1 uma d\u00e9cada, foi diagnosticado com cancro e, de repente, d\u00e1 por si no epicentro de um esc\u00e2ndalo. Escritor de renome em Portugal, a pol\u00e9mica lan\u00e7a-o para o abismo &#8211; sem carreira, sem dinheiro e sem casa, com os livros a ganhar p\u00f3 nos armaz\u00e9ns, depois de banidos pela sua editora, toma uma decis\u00e3o radical: deixar tudo para tr\u00e1s e mudar-se para um barco decr\u00e9pito, fundeado nas docas de Lisboa. \u00c9 no Narcisse &#8211; um min\u00fasculo\u00a0<i>barco m\u00e1gico<\/i>\u00a0-, na companhia de uma velha guitarra e de um c\u00e3o chamado Sozinho, que Jaime procurar\u00e1 devolver o sentido \u00e0 sua vida, reconciliando-se com o passado: as rela\u00e7\u00f5es conturbadas com as mulheres, o abandono da escrita, a culpa que o corr\u00f3i.<\/p>\n<p>At\u00e9 que, um dia, a apari\u00e7\u00e3o de uma figura do passado mudar\u00e1 tudo, desviando a narrativa para um lugar inesperado. Estar\u00e1 nas m\u00e3os de Jaime decidir se este naufr\u00e1gio \u00e9 o fim ou um caminho para algo novo.<\/p>\n<p><i>Naufr\u00e1gio<\/i> \u00e9 um corajoso romance sobre o amor e as rela\u00e7\u00f5es entre os sexos, uma reflex\u00e3o sobre a mem\u00f3ria e a culpa, e as linhas difusas que definem as fronteiras pessoais, sociais e morais. Atrav\u00e9s de Jaime Toledo, Jo\u00e3o Tordo tra\u00e7a o perfil de um homem em busca da reden\u00e7\u00e3o poss\u00edvel, num mundo mais r\u00e1pido a julgar do que a reflectir, e onde \u00e9 mais f\u00e1cil condenar do que estender a m\u00e3o.<\/p>\n<\/div>\n","protected":false},"featured_media":4536,"template":"","meta":{"_monsterinsights_skip_tracking":false,"_monsterinsights_sitenote_active":false,"_monsterinsights_sitenote_note":"","_monsterinsights_sitenote_category":0},"product_cat":[105],"product_tag":[],"class_list":{"0":"post-4534","1":"product","2":"type-product","3":"status-publish","4":"has-post-thumbnail","6":"product_cat-romance","7":"pa_book-author-joao-tordo","9":"first","10":"instock","11":"shipping-taxable","12":"purchasable","13":"product-type-simple"},"_links":{"self":[{"href":"https:\/\/mabuko.co.mz\/site\/index.php?rest_route=\/wp\/v2\/product\/4534","targetHints":{"allow":["GET"]}}],"collection":[{"href":"https:\/\/mabuko.co.mz\/site\/index.php?rest_route=\/wp\/v2\/product"}],"about":[{"href":"https:\/\/mabuko.co.mz\/site\/index.php?rest_route=\/wp\/v2\/types\/product"}],"wp:featuredmedia":[{"embeddable":true,"href":"https:\/\/mabuko.co.mz\/site\/index.php?rest_route=\/wp\/v2\/media\/4536"}],"wp:attachment":[{"href":"https:\/\/mabuko.co.mz\/site\/index.php?rest_route=%2Fwp%2Fv2%2Fmedia&parent=4534"}],"wp:term":[{"taxonomy":"product_cat","embeddable":true,"href":"https:\/\/mabuko.co.mz\/site\/index.php?rest_route=%2Fwp%2Fv2%2Fproduct_cat&post=4534"},{"taxonomy":"product_tag","embeddable":true,"href":"https:\/\/mabuko.co.mz\/site\/index.php?rest_route=%2Fwp%2Fv2%2Fproduct_tag&post=4534"}],"curies":[{"name":"wp","href":"https:\/\/api.w.org\/{rel}","templated":true}]}}