{"id":4530,"date":"2022-06-28T14:29:26","date_gmt":"2022-06-28T14:29:26","guid":{"rendered":"https:\/\/mabuko.co.mz\/?post_type=product&#038;p=4530"},"modified":"2022-12-22T14:46:17","modified_gmt":"2022-12-22T14:46:17","slug":"ultima-paragem-auschiwitz","status":"publish","type":"product","link":"https:\/\/mabuko.co.mz\/site\/?product=ultima-paragem-auschiwitz","title":{"rendered":"ULTIMA PARAGEM AUSCHIWITZ"},"content":{"rendered":"<p>Eddy de Wind<\/p>\n<p>9789897773266<\/p>\n","protected":false},"excerpt":{"rendered":"<div id=\"productPageSectionAboutBook-sinopseTitle\" class=\"right-title\"><strong>SINOPSE<\/strong><\/div>\n<div id=\"productPageSectionAboutBook-sinopse\" class=\"right-text\">\n<p>Em 1942, o m\u00e9dico judeu Eddy de Wind apresentou-se como volunt\u00e1rio para trabalhar em Westerbork, um campo de tr\u00e2nsito de judeus, no este dos Pa\u00edses Baixos, onde conheceu Friedel, uma jovem enfermeira. Os dois apaixonam-se e casam. Em 1943, foram deportados para Auschwitz num comboio de mercadorias e s\u00e3o separados, indo Eddy para o Block 9 e Friedel para o 10, onde se realizavam experi\u00eancias m\u00e9dicas.<br \/>\nQuando os russos se come\u00e7am a aproximar de Auschwitz, no Outono de 1944, os nazis decidiram apagar os seus vest\u00edgios e foi ordenado aos prisioneiros, entre os quais se encontrava Friedel, recuar at\u00e9 ao interior da Alemanha, no que se conheceria depois como \u00abmarchas da morte\u00bb. Eddy, pelo contr\u00e1rio, escondeu-se e ficou em Auschwitz, onde encontrou um l\u00e1pis e um caderno e come\u00e7ou a escrever.<\/p>\n<\/div>\n","protected":false},"featured_media":4531,"template":"","meta":{"_monsterinsights_skip_tracking":false,"_monsterinsights_sitenote_active":false,"_monsterinsights_sitenote_note":"","_monsterinsights_sitenote_category":0},"product_cat":[103,136],"product_tag":[],"class_list":{"0":"post-4530","1":"product","2":"type-product","3":"status-publish","4":"has-post-thumbnail","6":"product_cat-literatura","7":"product_cat-memorias-e-testemunhos","8":"pa_book-author-eddy-de-wind","10":"first","11":"instock","12":"shipping-taxable","13":"purchasable","14":"product-type-simple"},"_links":{"self":[{"href":"https:\/\/mabuko.co.mz\/site\/index.php?rest_route=\/wp\/v2\/product\/4530","targetHints":{"allow":["GET"]}}],"collection":[{"href":"https:\/\/mabuko.co.mz\/site\/index.php?rest_route=\/wp\/v2\/product"}],"about":[{"href":"https:\/\/mabuko.co.mz\/site\/index.php?rest_route=\/wp\/v2\/types\/product"}],"wp:featuredmedia":[{"embeddable":true,"href":"https:\/\/mabuko.co.mz\/site\/index.php?rest_route=\/wp\/v2\/media\/4531"}],"wp:attachment":[{"href":"https:\/\/mabuko.co.mz\/site\/index.php?rest_route=%2Fwp%2Fv2%2Fmedia&parent=4530"}],"wp:term":[{"taxonomy":"product_cat","embeddable":true,"href":"https:\/\/mabuko.co.mz\/site\/index.php?rest_route=%2Fwp%2Fv2%2Fproduct_cat&post=4530"},{"taxonomy":"product_tag","embeddable":true,"href":"https:\/\/mabuko.co.mz\/site\/index.php?rest_route=%2Fwp%2Fv2%2Fproduct_tag&post=4530"}],"curies":[{"name":"wp","href":"https:\/\/api.w.org\/{rel}","templated":true}]}}